{"id":2069,"date":"2025-06-03T10:52:23","date_gmt":"2025-06-03T09:52:23","guid":{"rendered":"https:\/\/www.abbaconaturalfood.com\/work-with-us\/"},"modified":"2025-06-06T12:01:40","modified_gmt":"2025-06-06T11:01:40","slug":"work-with-us","status":"publish","type":"page","link":"https:\/\/www.abbaconaturalfood.com\/ca\/work-with-us\/","title":{"rendered":"WORK WITH US"},"content":{"rendered":"\t\t<div data-elementor-type=\"wp-page\" data-elementor-id=\"2069\" class=\"elementor elementor-2069 elementor-1563\" data-elementor-post-type=\"page\">\n\t\t\t\t<div class=\"elementor-element elementor-element-7219a3b e-con-full e-flex e-con e-parent\" data-id=\"7219a3b\" data-element_type=\"container\" data-e-type=\"container\" data-settings=\"{&quot;background_background&quot;:&quot;classic&quot;}\">\n\t\t\t\t<div class=\"elementor-element elementor-element-6e82e17e elementor-hidden-tablet elementor-hidden-mobile elementor-widget elementor-widget-theme-site-logo elementor-widget-image\" data-id=\"6e82e17e\" data-element_type=\"widget\" data-e-type=\"widget\" data-widget_type=\"theme-site-logo.default\">\n\t\t\t\t<div class=\"elementor-widget-container\">\n\t\t\t\t\t\t\t\t\t\t\t<a href=\"https:\/\/www.abbaconaturalfood.com\/ca\/\">\n\t\t\t<img decoding=\"async\" src=\"https:\/\/www.abbaconaturalfood.com\/wp-content\/plugins\/elementor-pro\/assets\/images\/logo-placeholder.png\" title=\"\" alt=\"\" loading=\"lazy\" \/>\t\t\t\t<\/a>\n\t\t\t\t\t\t\t\t\t\t\t<\/div>\n\t\t\t\t<\/div>\n\t\t\t\t<\/div>\n\t\t<div class=\"elementor-element elementor-element-34fe3d5 e-flex e-con-boxed e-con e-parent\" data-id=\"34fe3d5\" data-element_type=\"container\" data-e-type=\"container\" data-settings=\"{&quot;background_background&quot;:&quot;classic&quot;}\">\n\t\t\t\t\t<div class=\"e-con-inner\">\n\t\t\t\t<div class=\"elementor-element elementor-element-dff03f1 animated-slow elementor-invisible elementor-widget elementor-widget-heading\" data-id=\"dff03f1\" data-element_type=\"widget\" data-e-type=\"widget\" data-settings=\"{&quot;_animation&quot;:&quot;fadeIn&quot;,&quot;_animation_mobile&quot;:&quot;fadeIn&quot;}\" data-widget_type=\"heading.default\">\n\t\t\t\t<div class=\"elementor-widget-container\">\n\t\t\t\t\t<h1 class=\"elementor-heading-title elementor-size-default\">WE WANT TO MEET YOU<\/h1>\t\t\t\t<\/div>\n\t\t\t\t<\/div>\n\t\t\t\t<div class=\"elementor-element elementor-element-e432aac elementor-widget elementor-widget-text-editor\" data-id=\"e432aac\" data-element_type=\"widget\" data-e-type=\"widget\" data-widget_type=\"text-editor.default\">\n\t\t\t\t<div class=\"elementor-widget-container\">\n\t\t\t\t\t\t\t\t\t<p>Work with us. Per a vost\u00e8 com a care of details, work in a team and be part of restaurant with essence, freshness and projection, this could be the place for you. Whether in the dining room, kitchen or management, the most important thing is that you have desire to add value to a committed team.    <\/p><p>A m\u00e9s, <a href=\"https:\/\/www.abbaconaturalfood.com\/en\/\">l'Abbaco Natural Food &amp; Sushi<\/a> \u00e9s part de la Boulevard Group, en refer\u00e8ncia projecte a Mallorca que s\u00f3n promotes unique gastronomic spaces.<\/p><p><em><a href=\"https:\/\/grupoboulevard.com\/corp\/\"><span style=\"text-decoration: underline;\">Find out more about Grup Boulevard<\/span><\/a><\/em><\/p>\t\t\t\t\t\t\t\t<\/div>\n\t\t\t\t<\/div>\n\t\t\t\t<div class=\"elementor-element elementor-element-00fbd15 elementor-button-align-center elementor-mobile-button-align-center elementor-widget elementor-widget-form\" data-id=\"00fbd15\" data-element_type=\"widget\" data-e-type=\"widget\" data-settings=\"{&quot;button_width&quot;:&quot;50&quot;,&quot;step_next_label&quot;:&quot;Next&quot;,&quot;step_previous_label&quot;:&quot;Previous&quot;,&quot;step_type&quot;:&quot;number_text&quot;,&quot;step_icon_shape&quot;:&quot;circle&quot;}\" data-widget_type=\"form.default\">\n\t\t\t\t<div class=\"elementor-widget-container\">\n\t\t\t\t\t\t\t<form class=\"elementor-form\" method=\"post\" name=\"New Form\" aria-label=\"New Form\">\n\t\t\t<input type=\"hidden\" name=\"post_id\" value=\"2069\"\/>\n\t\t\t<input type=\"hidden\" name=\"form_id\" value=\"00fbd15\"\/>\n\t\t\t<input type=\"hidden\" name=\"referer_title\" value=\"Work with us : Join the Abbaco Port Pollen\u00e7a Team\" \/>\n\n\t\t\t\t\t\t\t<input type=\"hidden\" name=\"queried_id\" value=\"2069\"\/>\n\t\t\t\n\t\t\t<div class=\"elementor-form-fields-wrapper elementor-labels-above\">\n\t\t\t\t\t\t\t\t<div class=\"elementor-field-type-text elementor-field-group elementor-column elementor-field-group-name elementor-col-50 elementor-field-required\">\n\t\t\t\t\t\t\t\t\t\t\t\t<label for=\"form-field-name\" class=\"elementor-field-label\">\n\t\t\t\t\t\t\t\tName\t\t\t\t\t\t\t<\/label>\n\t\t\t\t\t\t\t\t\t\t\t\t\t\t<input size=\"1\" type=\"text\" name=\"form_fields[name]\" id=\"form-field-name\" class=\"elementor-field elementor-size-md  elementor-field-textual\" required=\"required\">\n\t\t\t\t\t\t\t\t\t\t\t<\/div>\n\t\t\t\t\t\t\t\t<div class=\"elementor-field-type-number elementor-field-group elementor-column elementor-field-group-message elementor-col-50 elementor-field-required\">\n\t\t\t\t\t\t\t\t\t\t\t\t<label for=\"form-field-message\" class=\"elementor-field-label\">\n\t\t\t\t\t\t\t\tPhone\t\t\t\t\t\t\t<\/label>\n\t\t\t\t\t\t\t\t\t<input type=\"number\" name=\"form_fields[message]\" id=\"form-field-message\" class=\"elementor-field elementor-size-md  elementor-field-textual\" required=\"required\" min=\"\" max=\"\" >\n\t\t\t\t\t\t<\/div>\n\t\t\t\t\t\t\t\t<div class=\"elementor-field-type-email elementor-field-group elementor-column elementor-field-group-email elementor-col-100 elementor-field-required\">\n\t\t\t\t\t\t\t\t\t\t\t\t<label for=\"form-field-email\" class=\"elementor-field-label\">\n\t\t\t\t\t\t\t\tEmail\t\t\t\t\t\t\t<\/label>\n\t\t\t\t\t\t\t\t\t\t\t\t\t\t<input size=\"1\" type=\"email\" name=\"form_fields[email]\" id=\"form-field-email\" class=\"elementor-field elementor-size-md  elementor-field-textual\" required=\"required\">\n\t\t\t\t\t\t\t\t\t\t\t<\/div>\n\t\t\t\t\t\t\t\t<div class=\"elementor-field-type-checkbox elementor-field-group elementor-column elementor-field-group-field_6aff1a3 elementor-col-50\">\n\t\t\t\t\t\t\t\t\t\t\t\t<label for=\"form-field-field_6aff1a3\" class=\"elementor-field-label\">\n\t\t\t\t\t\t\t\tWhat area are you interested in?\t\t\t\t\t\t\t<\/label>\n\t\t\t\t\t\t<div class=\"elementor-field-subgroup  elementor-subgroup-inline\"><span class=\"elementor-field-option\"><input type=\"checkbox\" value=\"Kitchen\" id=\"form-field-field_6aff1a3-0\" name=\"form_fields[field_6aff1a3][]\"> <label for=\"form-field-field_6aff1a3-0\">Kitchen<\/label><\/span><span class=\"elementor-field-option\"><input type=\"checkbox\" value=\" Living room\" id=\"form-field-field_6aff1a3-1\" name=\"form_fields[field_6aff1a3][]\"> <label for=\"form-field-field_6aff1a3-1\"> Living room<\/label><\/span><span class=\"elementor-field-option\"><input type=\"checkbox\" value=\" Altres  \" id=\"form-field-field_6aff1a3-2\" name=\"form_fields[field_6aff1a3][]\"> <label for=\"form-field-field_6aff1a3-2\"> Altres  <\/label><\/span><span class=\"elementor-field-option\"><input type=\"checkbox\" value=\"\" id=\"form-field-field_6aff1a3-3\" name=\"form_fields[field_6aff1a3][]\"> <label for=\"form-field-field_6aff1a3-3\"><\/label><\/span><\/div>\t\t\t\t<\/div>\n\t\t\t\t\t\t\t\t<div class=\"elementor-field-type-upload elementor-field-group elementor-column elementor-field-group-field_94ae020 elementor-col-100\">\n\t\t\t\t\t\t\t\t\t\t\t\t<label for=\"form-field-field_94ae020\" class=\"elementor-field-label\">\n\t\t\t\t\t\t\t\tAttach your CV\t\t\t\t\t\t\t<\/label>\n\t\t\t\t\t\t\t\t<input type=\"file\" name=\"form_fields[field_94ae020]\" id=\"form-field-field_94ae020\" class=\"elementor-field elementor-size-md  elementor-upload-field\" data-maxsize=\"5\" data-maxsize-message=\"This file exceeds the maximum allowed size.\">\n\n\t\t\t\t\t\t<\/div>\n\t\t\t\t\t\t\t\t<div class=\"elementor-field-group elementor-column elementor-field-type-submit elementor-col-50 e-form__buttons\">\n\t\t\t\t\t<button class=\"elementor-button elementor-size-md\" type=\"submit\">\n\t\t\t\t\t\t<span class=\"elementor-button-content-wrapper\">\n\t\t\t\t\t\t\t\t\t\t\t\t\t\t\t\t\t\t\t\t\t\t<span class=\"elementor-button-text\">Send to<\/span>\n\t\t\t\t\t\t\t\t\t\t\t\t\t<\/span>\n\t\t\t\t\t<\/button>\n\t\t\t\t<\/div>\n\t\t\t<\/div>\n\t\t<\/form>\n\t\t\t\t\t\t<\/div>\n\t\t\t\t<\/div>\n\t\t\t\t\t<\/div>\n\t\t\t\t<\/div>\n\t\t\t\t<\/div>\n\t\t\n    <div class=\"xs_social_share_widget xs_share_url after_content \t\tmain_content  wslu-style-1 wslu-share-box-shaped wslu-fill-colored wslu-none wslu-share-horizontal wslu-theme-font-no wslu-main_content\">\n\n\t\t\n        <ul>\n\t\t\t        <\/ul>\n    <\/div> \n","protected":false},"excerpt":{"rendered":"<p>WE WANT TO MEET YOU Work with us. Per a vost\u00e8 com a care of details, work in a team and be part of restaurant with essence, freshness and projection, this could be the place for you. Whether in the dining room, kitchen or management, the most important thing is that you have desire to [&hellip;]<\/p>\n","protected":false},"author":2,"featured_media":0,"parent":0,"menu_order":0,"comment_status":"closed","ping_status":"closed","template":"elementor_header_footer","meta":{"footnotes":""},"class_list":["post-2069","page","type-page","status-publish","hentry"],"yoast_head":"<!-- This site is optimized with the Yoast SEO plugin v27.4 - https:\/\/yoast.com\/product\/yoast-seo-wordpress\/ -->\n<title>Work with us : Join the Abbaco Port Pollen\u00e7a Team<\/title>\n<meta name=\"description\" content=\"Work with us and join the Abbaco Port Pollen\u00e7a team. Sushi restaurant, international cuisine and comfort food in Mallorca.\" \/>\n<meta name=\"robots\" content=\"index, follow, max-snippet:-1, max-image-preview:large, max-video-preview:-1\" \/>\n<link rel=\"canonical\" href=\"https:\/\/www.abbaconaturalfood.com\/ca\/work-with-us\/\" \/>\n<meta property=\"og:locale\" content=\"ca_ES\" \/>\n<meta property=\"og:type\" content=\"article\" \/>\n<meta property=\"og:title\" content=\"Work with us : Join the Abbaco Port Pollen\u00e7a Team\" \/>\n<meta property=\"og:description\" content=\"Work with us and join the Abbaco Port Pollen\u00e7a team. Sushi restaurant, international cuisine and comfort food in Mallorca.\" \/>\n<meta property=\"og:url\" content=\"https:\/\/www.abbaconaturalfood.com\/ca\/work-with-us\/\" \/>\n<meta property=\"og:site_name\" content=\"Abbac Natural Food &amp; Sushi\" \/>\n<meta property=\"article:publisher\" content=\"https:\/\/www.facebook.com\/abbacomfortfood\" \/>\n<meta property=\"article:modified_time\" content=\"2025-06-06T11:01:40+00:00\" \/>\n<meta name=\"twitter:card\" content=\"summary_large_image\" \/>\n<script type=\"application\/ld+json\" class=\"yoast-schema-graph\">{\"@context\":\"https:\\\/\\\/schema.org\",\"@graph\":[{\"@type\":\"WebPage\",\"@id\":\"https:\\\/\\\/www.abbaconaturalfood.com\\\/ca\\\/work-with-us\\\/\",\"url\":\"https:\\\/\\\/www.abbaconaturalfood.com\\\/ca\\\/work-with-us\\\/\",\"name\":\"Work with us : Join the Abbaco Port Pollen\u00e7a Team\",\"isPartOf\":{\"@id\":\"https:\\\/\\\/www.abbaconaturalfood.com\\\/ca\\\/#website\"},\"datePublished\":\"2025-06-03T09:52:23+00:00\",\"dateModified\":\"2025-06-06T11:01:40+00:00\",\"description\":\"Work with us and join the Abbaco Port Pollen\u00e7a team. Sushi restaurant, international cuisine and comfort food in Mallorca.\",\"breadcrumb\":{\"@id\":\"https:\\\/\\\/www.abbaconaturalfood.com\\\/ca\\\/work-with-us\\\/#breadcrumb\"},\"inLanguage\":\"ca\",\"potentialAction\":[{\"@type\":\"ReadAction\",\"target\":[\"https:\\\/\\\/www.abbaconaturalfood.com\\\/ca\\\/work-with-us\\\/\"]}]},{\"@type\":\"BreadcrumbList\",\"@id\":\"https:\\\/\\\/www.abbaconaturalfood.com\\\/ca\\\/work-with-us\\\/#breadcrumb\",\"itemListElement\":[{\"@type\":\"ListItem\",\"position\":1,\"name\":\"Home\",\"item\":\"https:\\\/\\\/www.abbaconaturalfood.com\\\/ca\\\/\"},{\"@type\":\"ListItem\",\"position\":2,\"name\":\"WORK WITH US\"}]},{\"@type\":\"WebSite\",\"@id\":\"https:\\\/\\\/www.abbaconaturalfood.com\\\/ca\\\/#website\",\"url\":\"https:\\\/\\\/www.abbaconaturalfood.com\\\/ca\\\/\",\"name\":\"Abbaco Natural Food & Sushi\",\"description\":\"Restaurant saludable amb fusi\u00f3 oriental davant del mar\",\"potentialAction\":[{\"@type\":\"SearchAction\",\"target\":{\"@type\":\"EntryPoint\",\"urlTemplate\":\"https:\\\/\\\/www.abbaconaturalfood.com\\\/ca\\\/?s={search_term_string}\"},\"query-input\":{\"@type\":\"PropertyValueSpecification\",\"valueRequired\":true,\"valueName\":\"search_term_string\"}}],\"inLanguage\":\"ca\"}]}<\/script>\n<!-- \/ Yoast SEO plugin. -->","yoast_head_json":{"title":"Work with us : Join the Abbaco Port Pollen\u00e7a Team","description":"Work with us and join the Abbaco Port Pollen\u00e7a team. Sushi restaurant, international cuisine and comfort food in Mallorca.","robots":{"index":"index","follow":"follow","max-snippet":"max-snippet:-1","max-image-preview":"max-image-preview:large","max-video-preview":"max-video-preview:-1"},"canonical":"https:\/\/www.abbaconaturalfood.com\/ca\/work-with-us\/","og_locale":"ca_ES","og_type":"article","og_title":"Work with us : Join the Abbaco Port Pollen\u00e7a Team","og_description":"Work with us and join the Abbaco Port Pollen\u00e7a team. Sushi restaurant, international cuisine and comfort food in Mallorca.","og_url":"https:\/\/www.abbaconaturalfood.com\/ca\/work-with-us\/","og_site_name":"Abbac Natural Food &amp; Sushi","article_publisher":"https:\/\/www.facebook.com\/abbacomfortfood","article_modified_time":"2025-06-06T11:01:40+00:00","twitter_card":"summary_large_image","schema":{"@context":"https:\/\/schema.org","@graph":[{"@type":"WebPage","@id":"https:\/\/www.abbaconaturalfood.com\/ca\/work-with-us\/","url":"https:\/\/www.abbaconaturalfood.com\/ca\/work-with-us\/","name":"Work with us : Join the Abbaco Port Pollen\u00e7a Team","isPartOf":{"@id":"https:\/\/www.abbaconaturalfood.com\/ca\/#website"},"datePublished":"2025-06-03T09:52:23+00:00","dateModified":"2025-06-06T11:01:40+00:00","description":"Work with us and join the Abbaco Port Pollen\u00e7a team. Sushi restaurant, international cuisine and comfort food in Mallorca.","breadcrumb":{"@id":"https:\/\/www.abbaconaturalfood.com\/ca\/work-with-us\/#breadcrumb"},"inLanguage":"ca","potentialAction":[{"@type":"ReadAction","target":["https:\/\/www.abbaconaturalfood.com\/ca\/work-with-us\/"]}]},{"@type":"BreadcrumbList","@id":"https:\/\/www.abbaconaturalfood.com\/ca\/work-with-us\/#breadcrumb","itemListElement":[{"@type":"ListItem","position":1,"name":"Home","item":"https:\/\/www.abbaconaturalfood.com\/ca\/"},{"@type":"ListItem","position":2,"name":"WORK WITH US"}]},{"@type":"WebSite","@id":"https:\/\/www.abbaconaturalfood.com\/ca\/#website","url":"https:\/\/www.abbaconaturalfood.com\/ca\/","name":"Abbaco Natural Food & Sushi","description":"Restaurant saludable amb fusi\u00f3 oriental davant del mar","potentialAction":[{"@type":"SearchAction","target":{"@type":"EntryPoint","urlTemplate":"https:\/\/www.abbaconaturalfood.com\/ca\/?s={search_term_string}"},"query-input":{"@type":"PropertyValueSpecification","valueRequired":true,"valueName":"search_term_string"}}],"inLanguage":"ca"}]}},"_links":{"self":[{"href":"https:\/\/www.abbaconaturalfood.com\/ca\/wp-json\/wp\/v2\/pages\/2069","targetHints":{"allow":["GET"]}}],"collection":[{"href":"https:\/\/www.abbaconaturalfood.com\/ca\/wp-json\/wp\/v2\/pages"}],"about":[{"href":"https:\/\/www.abbaconaturalfood.com\/ca\/wp-json\/wp\/v2\/types\/page"}],"author":[{"embeddable":true,"href":"https:\/\/www.abbaconaturalfood.com\/ca\/wp-json\/wp\/v2\/users\/2"}],"replies":[{"embeddable":true,"href":"https:\/\/www.abbaconaturalfood.com\/ca\/wp-json\/wp\/v2\/comments?post=2069"}],"version-history":[{"count":0,"href":"https:\/\/www.abbaconaturalfood.com\/ca\/wp-json\/wp\/v2\/pages\/2069\/revisions"}],"wp:attachment":[{"href":"https:\/\/www.abbaconaturalfood.com\/ca\/wp-json\/wp\/v2\/media?parent=2069"}],"curies":[{"name":"wp","href":"https:\/\/api.w.org\/{rel}","templated":true}]}}