{"id":2081,"date":"2015-11-10T08:35:10","date_gmt":"2015-11-10T07:35:10","guid":{"rendered":"https:\/\/www.abbaconaturalfood.com\/politica-de-cookies\/"},"modified":"2025-08-18T12:56:15","modified_gmt":"2025-08-18T11:56:15","slug":"politica-de-cookies","status":"publish","type":"page","link":"https:\/\/www.abbaconaturalfood.com\/ca\/politica-de-cookies\/","title":{"rendered":"pol\u00edtica de cookies"},"content":{"rendered":"\t\t<div data-elementor-type=\"wp-page\" data-elementor-id=\"2081\" class=\"elementor elementor-2081 elementor-504\" data-elementor-post-type=\"page\">\n\t\t\t\t<div class=\"elementor-element elementor-element-1619067 e-flex e-con-boxed e-con e-parent\" data-id=\"1619067\" data-element_type=\"container\" data-e-type=\"container\">\n\t\t\t\t\t<div class=\"e-con-inner\">\n\t\t\t\t<div class=\"elementor-element elementor-element-d12b665 elementor-widget elementor-widget-heading\" data-id=\"d12b665\" data-element_type=\"widget\" data-e-type=\"widget\" data-widget_type=\"heading.default\">\n\t\t\t\t<div class=\"elementor-widget-container\">\n\t\t\t\t\t<h1 class=\"elementor-heading-title elementor-size-default\">Pol\u00edtica de Cookies<\/h1>\t\t\t\t<\/div>\n\t\t\t\t<\/div>\n\t\t\t\t\t<\/div>\n\t\t\t\t<\/div>\n\t\t<div class=\"elementor-element elementor-element-a45695a e-flex e-con-boxed e-con e-parent\" data-id=\"a45695a\" data-element_type=\"container\" data-e-type=\"container\">\n\t\t\t\t\t<div class=\"e-con-inner\">\n\t\t\t\t<div class=\"elementor-element elementor-element-fafd640 elementor-widget elementor-widget-text-editor\" data-id=\"fafd640\" data-element_type=\"widget\" data-e-type=\"widget\" data-widget_type=\"text-editor.default\">\n\t\t\t\t<div class=\"elementor-widget-container\">\n\t\t\t\t\t\t\t\t\t<p>Darrera actualitzaci\u00f3: 2 de maig de 2025<\/p>\n<p><span style=\"text-decoration: underline;\">1.Introducci\u00f3<\/span><\/p>\n<p>Aquest lloc web, <span style=\"text-decoration: underline;\"><a href=\"https:\/\/abbaco.com\">https:\/\/abbaco.com<\/a><\/span> (d'ara endavant, \u201cla Web\u201d), utilitza galetes i tecnologies similars per oferir un millor servei, optimitzar la navegaci\u00f3 i recopilar informaci\u00f3 estad\u00edstica sobre l'\u00fas del lloc. Algunes galetes poden ser col\u00b7locades per tercers amb els que col\u00b7laborem. En aquesta pol\u00edtica t'expliquem qu\u00e8 s\u00f3n les galetes, quins tipus utilitzem i com les pots gestionar.  <\/p>\n<p><span style=\"text-decoration: underline;\">2. Qu\u00e8 s\u00f3n les galetes?<\/span><\/p>\n<p>Les galetes s\u00f3n petits arxius de text que s'emmagatzemen al dispositiu (ordinador, tauleta o smartphone) quan visites un lloc web. Permet al lloc recordar les teves accions i prefer\u00e8ncies durant un per\u00edode de temps per millorar la teva experi\u00e8ncia com a usuari. <\/p>\n<p><span style=\"text-decoration: underline;\">3. Qu\u00e8 s\u00f3n els scripts?<\/span><\/p>\n<p>Els scripts s\u00f3n fragments de codi que permeten que el web funcioni de forma interactiva. Aquest codi es pot executar als nostres servidors o directament al vostre dispositiu. <\/p>\n<p><span style=\"text-decoration: underline;\">4. Qu\u00e8 \u00e9s una balisa web?<\/span><\/p>\n<p>Una balisa web o etiqueta de p\u00edxel \u00e9s una petita imatge invisible o fragment de codi que s \u201cinclou a la web i que permet analitzar el tr\u00e0nsit, identificar patrons d\u201d \u00fas o determinar si un correu electr\u00f2nic ha estat obert.<\/p>\n<p><span style=\"text-decoration: underline;\">5. Tipus de cookies que utilitzem<\/span><\/p>\n<p><span style=\"text-decoration: underline;\">5.1. Galetes t\u00e8cniques o funcionals<\/span><br \/>Aquestes cookies permeten que el web funcioni correctament i recorden les teves prefer\u00e8ncies (com l'idioma o els articles a la cistella). Aquestes galetes es col\u00b7loquen sense necessitat de consentiment, ja que s\u00f3n necess\u00e0ries per al funcionament b\u00e0sic del lloc. <\/p>\n<p><span style=\"text-decoration: underline;\">5.2. Galetes d'an\u00e0lisi o estad\u00edstiques<\/span><br \/>Ens ajuden a con\u00e8ixer com interactuen els usuaris amb la web per millorar-ne el funcionament. Aquestes galetes nom\u00e9s s \u201cinstal\u00b7laran si l\u201d usuari presta el consentiment. <\/p>\n<p><span style=\"text-decoration: underline;\">5.3. Galetes de tercers<\/span><br \/>Algunes galetes poden ser instal\u00b7lades per serveis externs com Google Analytics, xarxes socials o altres prove\u00efdors per oferir funcionalitats addicionals o recopilar informaci\u00f3 an\u00f2nima sobre l\u00fas del lloc.<\/p>\n<p><span style=\"text-decoration: underline;\">6. Cookies en \u00fas<\/span><\/p>\n<ul>\n<li>WordPress (cookies funcionals): s \u201cutilitzen per gestionar el funcionament del lloc i les sessions d\u201d usuaris.<\/li>\n<li>Google Analytics (cookies estad\u00edstiques): ens permeten analitzar el tr\u00e0nsit i comportament dels usuaris. Les dades recollides s\u00f3n an\u00f2nimes. <\/li>\n<li>Altres galetes: hi pot haver galetes d \u201caltres serveis integrats la finalitat dels quals s\u201d indicar\u00e0 al b\u00e0ner de configuraci\u00f3 de galetes.<\/li>\n<\/ul>\n<p><span style=\"text-decoration: underline;\">7. Consentiment<\/span><\/p>\n<p>La primera vegada que visites la nostra web, apareix un banner de consentiment que et permet configurar quins tipus de cookies desitges acceptar. Nom\u00e9s s'instal\u00b7laran aquelles galetes per a les quals hagis atorgat el teu consentiment, excepte les estrictament necess\u00e0ries. Podeu modificar les vostres prefer\u00e8ncies en qualsevol moment.  <\/p>\n<p><span style=\"text-decoration: underline;\">8. Com activar, desactivar o eliminar cookies<\/span><\/p>\n<p>Pots configurar el teu navegador per permetre, bloquejar o eliminar cookies. A continuaci\u00f3 et deixem enlla\u00e7os amb instruccions per als navegadors m\u00e9s comuns: <\/p>\n<ul>\n<li>Google Chrome<\/li>\n<li>Mozilla Firefox<\/li>\n<li>Safari<\/li>\n<li>Microsoft Edge<\/li>\n<\/ul>\n<p>Tingueu en compte que, si desactiveu totes les galetes, algunes funcions del lloc web poden deixar d'estar disponibles.<\/p>\n<p><span style=\"text-decoration: underline;\">9. Drets de l'usuari<\/span><\/p>\n<p>Pots exercir els teus drets en relaci\u00f3 amb les teves dades personals:<\/p>\n<ul>\n<li>Dret a saber quines dades recollim i amb quina finalitat.<\/li>\n<li>Dret d'acc\u00e9s, rectificaci\u00f3, cancel\u00b7laci\u00f3 i oposici\u00f3 (ARC).<\/li>\n<li>Dret a retirar el consentiment atorgat.<\/li>\n<li>Dret a la portabilitat de les teves dades.<\/li>\n<li>Dret a presentar una reclamaci\u00f3 davant de l'autoritat de protecci\u00f3 de dades ( <a href=\"https:\/\/www.aepd.es\/\">www.aepd.es<\/a> ).<\/li>\n<li>Per exercir aquests drets, ens pots escriure a <a href=\"mailto:info@abbaco.com\">info@abbaco.com<\/a> .<\/li>\n<\/ul>\n<p><span style=\"text-decoration: underline;\">10. Dades de contacte<\/span><\/p>\n<p>Per a qualsevol consulta sobre aquesta pol\u00edtica de cookies o sobre el tractament de les teves dades personals, pots contactar-nos a:<\/p>\n<p>Miguelangelo RAC &amp; Group SL<br \/> CIF: B-07.881.170<br \/> Ubicaci\u00f3: Port Pollen\u00e7a, Illes Balears<br \/> Correu electr\u00f2nic: <a href=\"mailto:info@abbaco.com\">info@abbaco.com<\/a><br \/> Web: <a href=\"https:\/\/abbaco.com\">https:\/\/abbaco.com<\/a><\/p>\n\t\t\t\t\t\t\t\t<\/div>\n\t\t\t\t<\/div>\n\t\t\t\t\t<\/div>\n\t\t\t\t<\/div>\n\t\t\t\t<\/div>\n\t\t\n    <div class=\"xs_social_share_widget xs_share_url after_content \t\tmain_content  wslu-style-1 wslu-share-box-shaped wslu-fill-colored wslu-none wslu-share-horizontal wslu-theme-font-no wslu-main_content\">\n\n\t\t\n        <ul>\n\t\t\t        <\/ul>\n    <\/div> \n","protected":false},"excerpt":{"rendered":"<p>Pol\u00edtica de Cookies Darrera actualitzaci\u00f3: 2 de maig de 2025 1.Introducci\u00f3 Aquest lloc web, https:\/\/abbaco.com (d'ara endavant, \u201cla Web\u201d), utilitza galetes i tecnologies similars per oferir un millor servei, optimitzar la navegaci\u00f3 i recopilar informaci\u00f3 estad\u00edstica sobre l'\u00fas del lloc. Algunes galetes poden ser col\u00b7locades per tercers amb els que col\u00b7laborem. En aquesta pol\u00edtica t'expliquem [&hellip;]<\/p>\n","protected":false},"author":2,"featured_media":0,"parent":0,"menu_order":0,"comment_status":"closed","ping_status":"closed","template":"elementor_header_footer","meta":{"footnotes":""},"class_list":["post-2081","page","type-page","status-publish","hentry"],"yoast_head":"<!-- This site is optimized with the Yoast SEO plugin v27.4 - https:\/\/yoast.com\/product\/yoast-seo-wordpress\/ -->\n<title>Pol\u00edtica de galetes | ABBAC<\/title>\n<meta name=\"description\" content=\"Descobreix com Abbaco Natural Food utilitza galetes per millorar la teva experi\u00e8ncia de navegaci\u00f3 i com pots gestionar les teves prefer\u00e8ncies.\" \/>\n<meta name=\"robots\" content=\"noindex, follow\" \/>\n<meta property=\"og:locale\" content=\"ca_ES\" \/>\n<meta property=\"og:type\" content=\"article\" \/>\n<meta property=\"og:title\" content=\"Pol\u00edtica de galetes | ABBAC\" \/>\n<meta property=\"og:description\" content=\"Descobreix com Abbaco Natural Food utilitza galetes per millorar la teva experi\u00e8ncia de navegaci\u00f3 i com pots gestionar les teves prefer\u00e8ncies.\" \/>\n<meta property=\"og:url\" content=\"https:\/\/www.abbaconaturalfood.com\/ca\/politica-de-cookies\/\" \/>\n<meta property=\"og:site_name\" content=\"Abbac Natural Food &amp; Sushi\" \/>\n<meta property=\"article:publisher\" content=\"https:\/\/www.facebook.com\/abbacomfortfood\" \/>\n<meta property=\"article:modified_time\" content=\"2025-08-18T11:56:15+00:00\" \/>\n<meta name=\"twitter:card\" content=\"summary_large_image\" \/>\n<meta name=\"twitter:label1\" content=\"Temps estimat de lectura\" \/>\n\t<meta name=\"twitter:data1\" content=\"3 minuts\" \/>\n<script type=\"application\/ld+json\" class=\"yoast-schema-graph\">{\"@context\":\"https:\\\/\\\/schema.org\",\"@graph\":[{\"@type\":\"WebPage\",\"@id\":\"https:\\\/\\\/www.abbaconaturalfood.com\\\/ca\\\/politica-de-cookies\\\/\",\"url\":\"https:\\\/\\\/www.abbaconaturalfood.com\\\/ca\\\/politica-de-cookies\\\/\",\"name\":\"Pol\u00edtica de galetes | ABBAC\",\"isPartOf\":{\"@id\":\"https:\\\/\\\/www.abbaconaturalfood.com\\\/ca\\\/#website\"},\"datePublished\":\"2015-11-10T07:35:10+00:00\",\"dateModified\":\"2025-08-18T11:56:15+00:00\",\"description\":\"Descobreix com Abbaco Natural Food utilitza galetes per millorar la teva experi\u00e8ncia de navegaci\u00f3 i com pots gestionar les teves prefer\u00e8ncies.\",\"breadcrumb\":{\"@id\":\"https:\\\/\\\/www.abbaconaturalfood.com\\\/ca\\\/politica-de-cookies\\\/#breadcrumb\"},\"inLanguage\":\"ca\",\"potentialAction\":[{\"@type\":\"ReadAction\",\"target\":[\"https:\\\/\\\/www.abbaconaturalfood.com\\\/ca\\\/politica-de-cookies\\\/\"]}]},{\"@type\":\"BreadcrumbList\",\"@id\":\"https:\\\/\\\/www.abbaconaturalfood.com\\\/ca\\\/politica-de-cookies\\\/#breadcrumb\",\"itemListElement\":[{\"@type\":\"ListItem\",\"position\":1,\"name\":\"Home\",\"item\":\"https:\\\/\\\/www.abbaconaturalfood.com\\\/ca\\\/\"},{\"@type\":\"ListItem\",\"position\":2,\"name\":\"pol\u00edtica de cookies\"}]},{\"@type\":\"WebSite\",\"@id\":\"https:\\\/\\\/www.abbaconaturalfood.com\\\/ca\\\/#website\",\"url\":\"https:\\\/\\\/www.abbaconaturalfood.com\\\/ca\\\/\",\"name\":\"Abbaco Natural Food & Sushi\",\"description\":\"Restaurant saludable amb fusi\u00f3 oriental davant del mar\",\"potentialAction\":[{\"@type\":\"SearchAction\",\"target\":{\"@type\":\"EntryPoint\",\"urlTemplate\":\"https:\\\/\\\/www.abbaconaturalfood.com\\\/ca\\\/?s={search_term_string}\"},\"query-input\":{\"@type\":\"PropertyValueSpecification\",\"valueRequired\":true,\"valueName\":\"search_term_string\"}}],\"inLanguage\":\"ca\"}]}<\/script>\n<!-- \/ Yoast SEO plugin. -->","yoast_head_json":{"title":"Pol\u00edtica de galetes | ABBAC","description":"Descobreix com Abbaco Natural Food utilitza galetes per millorar la teva experi\u00e8ncia de navegaci\u00f3 i com pots gestionar les teves prefer\u00e8ncies.","robots":{"index":"noindex","follow":"follow"},"og_locale":"ca_ES","og_type":"article","og_title":"Pol\u00edtica de galetes | ABBAC","og_description":"Descobreix com Abbaco Natural Food utilitza galetes per millorar la teva experi\u00e8ncia de navegaci\u00f3 i com pots gestionar les teves prefer\u00e8ncies.","og_url":"https:\/\/www.abbaconaturalfood.com\/ca\/politica-de-cookies\/","og_site_name":"Abbac Natural Food &amp; Sushi","article_publisher":"https:\/\/www.facebook.com\/abbacomfortfood","article_modified_time":"2025-08-18T11:56:15+00:00","twitter_card":"summary_large_image","twitter_misc":{"Temps estimat de lectura":"3 minuts"},"schema":{"@context":"https:\/\/schema.org","@graph":[{"@type":"WebPage","@id":"https:\/\/www.abbaconaturalfood.com\/ca\/politica-de-cookies\/","url":"https:\/\/www.abbaconaturalfood.com\/ca\/politica-de-cookies\/","name":"Pol\u00edtica de galetes | ABBAC","isPartOf":{"@id":"https:\/\/www.abbaconaturalfood.com\/ca\/#website"},"datePublished":"2015-11-10T07:35:10+00:00","dateModified":"2025-08-18T11:56:15+00:00","description":"Descobreix com Abbaco Natural Food utilitza galetes per millorar la teva experi\u00e8ncia de navegaci\u00f3 i com pots gestionar les teves prefer\u00e8ncies.","breadcrumb":{"@id":"https:\/\/www.abbaconaturalfood.com\/ca\/politica-de-cookies\/#breadcrumb"},"inLanguage":"ca","potentialAction":[{"@type":"ReadAction","target":["https:\/\/www.abbaconaturalfood.com\/ca\/politica-de-cookies\/"]}]},{"@type":"BreadcrumbList","@id":"https:\/\/www.abbaconaturalfood.com\/ca\/politica-de-cookies\/#breadcrumb","itemListElement":[{"@type":"ListItem","position":1,"name":"Home","item":"https:\/\/www.abbaconaturalfood.com\/ca\/"},{"@type":"ListItem","position":2,"name":"pol\u00edtica de cookies"}]},{"@type":"WebSite","@id":"https:\/\/www.abbaconaturalfood.com\/ca\/#website","url":"https:\/\/www.abbaconaturalfood.com\/ca\/","name":"Abbaco Natural Food & Sushi","description":"Restaurant saludable amb fusi\u00f3 oriental davant del mar","potentialAction":[{"@type":"SearchAction","target":{"@type":"EntryPoint","urlTemplate":"https:\/\/www.abbaconaturalfood.com\/ca\/?s={search_term_string}"},"query-input":{"@type":"PropertyValueSpecification","valueRequired":true,"valueName":"search_term_string"}}],"inLanguage":"ca"}]}},"_links":{"self":[{"href":"https:\/\/www.abbaconaturalfood.com\/ca\/wp-json\/wp\/v2\/pages\/2081","targetHints":{"allow":["GET"]}}],"collection":[{"href":"https:\/\/www.abbaconaturalfood.com\/ca\/wp-json\/wp\/v2\/pages"}],"about":[{"href":"https:\/\/www.abbaconaturalfood.com\/ca\/wp-json\/wp\/v2\/types\/page"}],"author":[{"embeddable":true,"href":"https:\/\/www.abbaconaturalfood.com\/ca\/wp-json\/wp\/v2\/users\/2"}],"replies":[{"embeddable":true,"href":"https:\/\/www.abbaconaturalfood.com\/ca\/wp-json\/wp\/v2\/comments?post=2081"}],"version-history":[{"count":0,"href":"https:\/\/www.abbaconaturalfood.com\/ca\/wp-json\/wp\/v2\/pages\/2081\/revisions"}],"wp:attachment":[{"href":"https:\/\/www.abbaconaturalfood.com\/ca\/wp-json\/wp\/v2\/media?parent=2081"}],"curies":[{"name":"wp","href":"https:\/\/api.w.org\/{rel}","templated":true}]}}