{"id":2071,"date":"2025-06-03T10:52:23","date_gmt":"2025-06-03T09:52:23","guid":{"rendered":"https:\/\/www.abbaconaturalfood.com\/mit-uns-arbeiten-2\/"},"modified":"2025-06-06T12:01:41","modified_gmt":"2025-06-06T11:01:41","slug":"mit-uns-arbeiten-2","status":"publish","type":"page","link":"https:\/\/www.abbaconaturalfood.com\/de\/mit-uns-arbeiten-2\/","title":{"rendered":"MIT UNS ARBEITEN"},"content":{"rendered":"\t\t<div data-elementor-type=\"wp-page\" data-elementor-id=\"2071\" class=\"elementor elementor-2071 elementor-1563\" data-elementor-post-type=\"page\">\n\t\t\t\t<div class=\"elementor-element elementor-element-7219a3b e-con-full e-flex e-con e-parent\" data-id=\"7219a3b\" data-element_type=\"container\" data-e-type=\"container\" data-settings=\"{&quot;background_background&quot;:&quot;classic&quot;}\">\n\t\t\t\t<div class=\"elementor-element elementor-element-6e82e17e elementor-hidden-tablet elementor-hidden-mobile elementor-widget elementor-widget-theme-site-logo elementor-widget-image\" data-id=\"6e82e17e\" data-element_type=\"widget\" data-e-type=\"widget\" data-widget_type=\"theme-site-logo.default\">\n\t\t\t\t<div class=\"elementor-widget-container\">\n\t\t\t\t\t\t\t\t\t\t\t<a href=\"https:\/\/www.abbaconaturalfood.com\/de\/\">\n\t\t\t<img decoding=\"async\" src=\"https:\/\/www.abbaconaturalfood.com\/wp-content\/plugins\/elementor-pro\/assets\/images\/logo-placeholder.png\" title=\"\" alt=\"\" loading=\"lazy\" \/>\t\t\t\t<\/a>\n\t\t\t\t\t\t\t\t\t\t\t<\/div>\n\t\t\t\t<\/div>\n\t\t\t\t<\/div>\n\t\t<div class=\"elementor-element elementor-element-34fe3d5 e-flex e-con-boxed e-con e-parent\" data-id=\"34fe3d5\" data-element_type=\"container\" data-e-type=\"container\" data-settings=\"{&quot;background_background&quot;:&quot;classic&quot;}\">\n\t\t\t\t\t<div class=\"e-con-inner\">\n\t\t\t\t<div class=\"elementor-element elementor-element-dff03f1 animated-slow elementor-invisible elementor-widget elementor-widget-heading\" data-id=\"dff03f1\" data-element_type=\"widget\" data-e-type=\"widget\" data-settings=\"{&quot;_animation&quot;:&quot;fadeIn&quot;,&quot;_animation_mobile&quot;:&quot;fadeIn&quot;}\" data-widget_type=\"heading.default\">\n\t\t\t\t<div class=\"elementor-widget-container\">\n\t\t\t\t\t<h1 class=\"elementor-heading-title elementor-size-default\">WIR M\u00d6CHTEN SIE KENNENLERNEN<\/h1>\t\t\t\t<\/div>\n\t\t\t\t<\/div>\n\t\t\t\t<div class=\"elementor-element elementor-element-e432aac elementor-widget elementor-widget-text-editor\" data-id=\"e432aac\" data-element_type=\"widget\" data-e-type=\"widget\" data-widget_type=\"text-editor.default\">\n\t\t\t\t<div class=\"elementor-widget-container\">\n\t\t\t\t\t\t\t\t\t<p>Arbeiten Sie mit uns. Wenn Sie sich gerne um Details k\u00fcmmern, in einem Team arbeiten und Teil eines Restaurants mit Essenz, Frische und Projektion sein m\u00f6chten, k\u00f6nnte dies der richtige Ort f\u00fcr Sie sein. Ob im Speisesaal, in der K\u00fcche oder im Management, das Wichtigste ist, dass Sie den Wunsch haben, einem engagierten Team einen Mehrwert zu bieten.    <\/p><p>Dar\u00fcber hinaus ist <a href=\"https:\/\/www.abbaconaturalfood.com\/en\/\">Abbaco Natural Food &amp; Sushi<\/a> Teil der Boulevard Group, einem Referenzprojekt auf Mallorca, das einzigartige gastronomische R\u00e4ume f\u00f6rdert.<\/p><p><em><a href=\"https:\/\/grupoboulevard.com\/corp\/\"><span style=\"text-decoration: underline;\">Erfahren Sie mehr \u00fcber Boulevard Group<\/span><\/a><\/em><\/p>\t\t\t\t\t\t\t\t<\/div>\n\t\t\t\t<\/div>\n\t\t\t\t<div class=\"elementor-element elementor-element-00fbd15 elementor-button-align-center elementor-mobile-button-align-center elementor-widget elementor-widget-form\" data-id=\"00fbd15\" data-element_type=\"widget\" data-e-type=\"widget\" data-settings=\"{&quot;button_width&quot;:&quot;50&quot;,&quot;step_next_label&quot;:&quot;N\\u00e4chste&quot;,&quot;step_previous_label&quot;:&quot;Vorherige&quot;,&quot;step_type&quot;:&quot;number_text&quot;,&quot;step_icon_shape&quot;:&quot;circle&quot;}\" data-widget_type=\"form.default\">\n\t\t\t\t<div class=\"elementor-widget-container\">\n\t\t\t\t\t\t\t<form class=\"elementor-form\" method=\"post\" name=\"Neue Form\" aria-label=\"Neue Form\">\n\t\t\t<input type=\"hidden\" name=\"post_id\" value=\"2071\"\/>\n\t\t\t<input type=\"hidden\" name=\"form_id\" value=\"00fbd15\"\/>\n\t\t\t<input type=\"hidden\" name=\"referer_title\" value=\"Arbeiten Sie mit uns : Werden Sie Mitglied des Abbaco Puerto Pollensa Teams\" \/>\n\n\t\t\t\t\t\t\t<input type=\"hidden\" name=\"queried_id\" value=\"2071\"\/>\n\t\t\t\n\t\t\t<div class=\"elementor-form-fields-wrapper elementor-labels-above\">\n\t\t\t\t\t\t\t\t<div class=\"elementor-field-type-text elementor-field-group elementor-column elementor-field-group-name elementor-col-50 elementor-field-required\">\n\t\t\t\t\t\t\t\t\t\t\t\t<label for=\"form-field-name\" class=\"elementor-field-label\">\n\t\t\t\t\t\t\t\tName\t\t\t\t\t\t\t<\/label>\n\t\t\t\t\t\t\t\t\t\t\t\t\t\t<input size=\"1\" type=\"text\" name=\"form_fields[name]\" id=\"form-field-name\" class=\"elementor-field elementor-size-md  elementor-field-textual\" required=\"required\">\n\t\t\t\t\t\t\t\t\t\t\t<\/div>\n\t\t\t\t\t\t\t\t<div class=\"elementor-field-type-number elementor-field-group elementor-column elementor-field-group-message elementor-col-50 elementor-field-required\">\n\t\t\t\t\t\t\t\t\t\t\t\t<label for=\"form-field-message\" class=\"elementor-field-label\">\n\t\t\t\t\t\t\t\tTelefon\t\t\t\t\t\t\t<\/label>\n\t\t\t\t\t\t\t\t\t<input type=\"number\" name=\"form_fields[message]\" id=\"form-field-message\" class=\"elementor-field elementor-size-md  elementor-field-textual\" required=\"required\" min=\"\" max=\"\" >\n\t\t\t\t\t\t<\/div>\n\t\t\t\t\t\t\t\t<div class=\"elementor-field-type-email elementor-field-group elementor-column elementor-field-group-email elementor-col-100 elementor-field-required\">\n\t\t\t\t\t\t\t\t\t\t\t\t<label for=\"form-field-email\" class=\"elementor-field-label\">\n\t\t\t\t\t\t\t\tE-Mail\t\t\t\t\t\t\t<\/label>\n\t\t\t\t\t\t\t\t\t\t\t\t\t\t<input size=\"1\" type=\"email\" name=\"form_fields[email]\" id=\"form-field-email\" class=\"elementor-field elementor-size-md  elementor-field-textual\" required=\"required\">\n\t\t\t\t\t\t\t\t\t\t\t<\/div>\n\t\t\t\t\t\t\t\t<div class=\"elementor-field-type-checkbox elementor-field-group elementor-column elementor-field-group-field_6aff1a3 elementor-col-50\">\n\t\t\t\t\t\t\t\t\t\t\t\t<label for=\"form-field-field_6aff1a3\" class=\"elementor-field-label\">\n\t\t\t\t\t\t\t\tF\u00fcr welchen Bereich interessieren Sie sich?\t\t\t\t\t\t\t<\/label>\n\t\t\t\t\t\t<div class=\"elementor-field-subgroup  elementor-subgroup-inline\"><span class=\"elementor-field-option\"><input type=\"checkbox\" value=\"K\u00fcche\" id=\"form-field-field_6aff1a3-0\" name=\"form_fields[field_6aff1a3][]\"> <label for=\"form-field-field_6aff1a3-0\">K\u00fcche<\/label><\/span><span class=\"elementor-field-option\"><input type=\"checkbox\" value=\"Wohnzimmer\" id=\"form-field-field_6aff1a3-1\" name=\"form_fields[field_6aff1a3][]\"> <label for=\"form-field-field_6aff1a3-1\">Wohnzimmer<\/label><\/span><span class=\"elementor-field-option\"><input type=\"checkbox\" value=\"Andere  \" id=\"form-field-field_6aff1a3-2\" name=\"form_fields[field_6aff1a3][]\"> <label for=\"form-field-field_6aff1a3-2\">Andere  <\/label><\/span><span class=\"elementor-field-option\"><input type=\"checkbox\" value=\"\" id=\"form-field-field_6aff1a3-3\" name=\"form_fields[field_6aff1a3][]\"> <label for=\"form-field-field_6aff1a3-3\"><\/label><\/span><\/div>\t\t\t\t<\/div>\n\t\t\t\t\t\t\t\t<div class=\"elementor-field-type-upload elementor-field-group elementor-column elementor-field-group-field_94ae020 elementor-col-100\">\n\t\t\t\t\t\t\t\t\t\t\t\t<label for=\"form-field-field_94ae020\" class=\"elementor-field-label\">\n\t\t\t\t\t\t\t\tF\u00fcgen Sie Ihren Lebenslauf bei\t\t\t\t\t\t\t<\/label>\n\t\t\t\t\t\t\t\t<input type=\"file\" name=\"form_fields[field_94ae020]\" id=\"form-field-field_94ae020\" class=\"elementor-field elementor-size-md  elementor-upload-field\" data-maxsize=\"5\" data-maxsize-message=\"Diese Datei \u00fcbersteigt die maximale Dateigr\u00f6\u00dfe.\">\n\n\t\t\t\t\t\t<\/div>\n\t\t\t\t\t\t\t\t<div class=\"elementor-field-group elementor-column elementor-field-type-submit elementor-col-50 e-form__buttons\">\n\t\t\t\t\t<button class=\"elementor-button elementor-size-md\" type=\"submit\">\n\t\t\t\t\t\t<span class=\"elementor-button-content-wrapper\">\n\t\t\t\t\t\t\t\t\t\t\t\t\t\t\t\t\t\t\t\t\t\t<span class=\"elementor-button-text\">Senden an<\/span>\n\t\t\t\t\t\t\t\t\t\t\t\t\t<\/span>\n\t\t\t\t\t<\/button>\n\t\t\t\t<\/div>\n\t\t\t<\/div>\n\t\t<\/form>\n\t\t\t\t\t\t<\/div>\n\t\t\t\t<\/div>\n\t\t\t\t\t<\/div>\n\t\t\t\t<\/div>\n\t\t\t\t<\/div>\n\t\t\n    <div class=\"xs_social_share_widget xs_share_url after_content \t\tmain_content  wslu-style-1 wslu-share-box-shaped wslu-fill-colored wslu-none wslu-share-horizontal wslu-theme-font-no wslu-main_content\">\n\n\t\t\n        <ul>\n\t\t\t        <\/ul>\n    <\/div> \n","protected":false},"excerpt":{"rendered":"<p>WIR M\u00d6CHTEN SIE KENNENLERNEN Arbeiten Sie mit uns. Wenn Sie sich gerne um Details k\u00fcmmern, in einem Team arbeiten und Teil eines Restaurants mit Essenz, Frische und Projektion sein m\u00f6chten, k\u00f6nnte dies der richtige Ort f\u00fcr Sie sein. Ob im Speisesaal, in der K\u00fcche oder im Management, das Wichtigste ist, dass Sie den Wunsch haben, [&hellip;]<\/p>\n","protected":false},"author":2,"featured_media":0,"parent":0,"menu_order":0,"comment_status":"closed","ping_status":"closed","template":"elementor_header_footer","meta":{"footnotes":""},"class_list":["post-2071","page","type-page","status-publish","hentry"],"yoast_head":"<!-- This site is optimized with the Yoast SEO plugin v27.4 - https:\/\/yoast.com\/product\/yoast-seo-wordpress\/ -->\n<title>Arbeiten Sie mit uns : Werden Sie Mitglied des Abbaco Puerto Pollensa Teams<\/title>\n<meta name=\"description\" content=\"Arbeiten Sie mit uns und werden Sie Teil des Abbaco Puerto Pollensa Teams. Sushi-Restaurant, internationale K\u00fcche und Wohlf\u00fchlessen auf Mallorca.\" \/>\n<meta name=\"robots\" content=\"index, follow, max-snippet:-1, max-image-preview:large, max-video-preview:-1\" \/>\n<link rel=\"canonical\" href=\"https:\/\/www.abbaconaturalfood.com\/de\/mit-uns-arbeiten-2\/\" \/>\n<meta property=\"og:locale\" content=\"de_DE\" \/>\n<meta property=\"og:type\" content=\"article\" \/>\n<meta property=\"og:title\" content=\"Arbeiten Sie mit uns : Werden Sie Mitglied des Abbaco Puerto Pollensa Teams\" \/>\n<meta property=\"og:description\" content=\"Arbeiten Sie mit uns und werden Sie Teil des Abbaco Puerto Pollensa Teams. Sushi-Restaurant, internationale K\u00fcche und Wohlf\u00fchlessen auf Mallorca.\" \/>\n<meta property=\"og:url\" content=\"https:\/\/www.abbaconaturalfood.com\/de\/mit-uns-arbeiten-2\/\" \/>\n<meta property=\"og:site_name\" content=\"Abbaco Naturkost &amp; Sushi\" \/>\n<meta property=\"article:publisher\" content=\"https:\/\/www.facebook.com\/abbacomfortfood\" \/>\n<meta property=\"article:modified_time\" content=\"2025-06-06T11:01:41+00:00\" \/>\n<meta name=\"twitter:card\" content=\"summary_large_image\" \/>\n<script type=\"application\/ld+json\" class=\"yoast-schema-graph\">{\"@context\":\"https:\\\/\\\/schema.org\",\"@graph\":[{\"@type\":\"WebPage\",\"@id\":\"https:\\\/\\\/www.abbaconaturalfood.com\\\/de\\\/mit-uns-arbeiten-2\\\/\",\"url\":\"https:\\\/\\\/www.abbaconaturalfood.com\\\/de\\\/mit-uns-arbeiten-2\\\/\",\"name\":\"Arbeiten Sie mit uns : Werden Sie Mitglied des Abbaco Puerto Pollensa Teams\",\"isPartOf\":{\"@id\":\"https:\\\/\\\/www.abbaconaturalfood.com\\\/de\\\/#website\"},\"datePublished\":\"2025-06-03T09:52:23+00:00\",\"dateModified\":\"2025-06-06T11:01:41+00:00\",\"description\":\"Arbeiten Sie mit uns und werden Sie Teil des Abbaco Puerto Pollensa Teams. Sushi-Restaurant, internationale K\u00fcche und Wohlf\u00fchlessen auf Mallorca.\",\"breadcrumb\":{\"@id\":\"https:\\\/\\\/www.abbaconaturalfood.com\\\/de\\\/mit-uns-arbeiten-2\\\/#breadcrumb\"},\"inLanguage\":\"de\",\"potentialAction\":[{\"@type\":\"ReadAction\",\"target\":[\"https:\\\/\\\/www.abbaconaturalfood.com\\\/de\\\/mit-uns-arbeiten-2\\\/\"]}]},{\"@type\":\"BreadcrumbList\",\"@id\":\"https:\\\/\\\/www.abbaconaturalfood.com\\\/de\\\/mit-uns-arbeiten-2\\\/#breadcrumb\",\"itemListElement\":[{\"@type\":\"ListItem\",\"position\":1,\"name\":\"Startseite\",\"item\":\"https:\\\/\\\/www.abbaconaturalfood.com\\\/de\\\/\"},{\"@type\":\"ListItem\",\"position\":2,\"name\":\"MIT UNS ARBEITEN\"}]},{\"@type\":\"WebSite\",\"@id\":\"https:\\\/\\\/www.abbaconaturalfood.com\\\/de\\\/#website\",\"url\":\"https:\\\/\\\/www.abbaconaturalfood.com\\\/de\\\/\",\"name\":\"Abbaco Natural Food & Sushi\",\"description\":\"Gesundes Restaurant mit orientalischer Fusionsk\u00fcche direkt am Meer\",\"potentialAction\":[{\"@type\":\"SearchAction\",\"target\":{\"@type\":\"EntryPoint\",\"urlTemplate\":\"https:\\\/\\\/www.abbaconaturalfood.com\\\/de\\\/?s={search_term_string}\"},\"query-input\":{\"@type\":\"PropertyValueSpecification\",\"valueRequired\":true,\"valueName\":\"search_term_string\"}}],\"inLanguage\":\"de\"}]}<\/script>\n<!-- \/ Yoast SEO plugin. -->","yoast_head_json":{"title":"Arbeiten Sie mit uns : Werden Sie Mitglied des Abbaco Puerto Pollensa Teams","description":"Arbeiten Sie mit uns und werden Sie Teil des Abbaco Puerto Pollensa Teams. Sushi-Restaurant, internationale K\u00fcche und Wohlf\u00fchlessen auf Mallorca.","robots":{"index":"index","follow":"follow","max-snippet":"max-snippet:-1","max-image-preview":"max-image-preview:large","max-video-preview":"max-video-preview:-1"},"canonical":"https:\/\/www.abbaconaturalfood.com\/de\/mit-uns-arbeiten-2\/","og_locale":"de_DE","og_type":"article","og_title":"Arbeiten Sie mit uns : Werden Sie Mitglied des Abbaco Puerto Pollensa Teams","og_description":"Arbeiten Sie mit uns und werden Sie Teil des Abbaco Puerto Pollensa Teams. Sushi-Restaurant, internationale K\u00fcche und Wohlf\u00fchlessen auf Mallorca.","og_url":"https:\/\/www.abbaconaturalfood.com\/de\/mit-uns-arbeiten-2\/","og_site_name":"Abbaco Naturkost &amp; Sushi","article_publisher":"https:\/\/www.facebook.com\/abbacomfortfood","article_modified_time":"2025-06-06T11:01:41+00:00","twitter_card":"summary_large_image","schema":{"@context":"https:\/\/schema.org","@graph":[{"@type":"WebPage","@id":"https:\/\/www.abbaconaturalfood.com\/de\/mit-uns-arbeiten-2\/","url":"https:\/\/www.abbaconaturalfood.com\/de\/mit-uns-arbeiten-2\/","name":"Arbeiten Sie mit uns : Werden Sie Mitglied des Abbaco Puerto Pollensa Teams","isPartOf":{"@id":"https:\/\/www.abbaconaturalfood.com\/de\/#website"},"datePublished":"2025-06-03T09:52:23+00:00","dateModified":"2025-06-06T11:01:41+00:00","description":"Arbeiten Sie mit uns und werden Sie Teil des Abbaco Puerto Pollensa Teams. Sushi-Restaurant, internationale K\u00fcche und Wohlf\u00fchlessen auf Mallorca.","breadcrumb":{"@id":"https:\/\/www.abbaconaturalfood.com\/de\/mit-uns-arbeiten-2\/#breadcrumb"},"inLanguage":"de","potentialAction":[{"@type":"ReadAction","target":["https:\/\/www.abbaconaturalfood.com\/de\/mit-uns-arbeiten-2\/"]}]},{"@type":"BreadcrumbList","@id":"https:\/\/www.abbaconaturalfood.com\/de\/mit-uns-arbeiten-2\/#breadcrumb","itemListElement":[{"@type":"ListItem","position":1,"name":"Startseite","item":"https:\/\/www.abbaconaturalfood.com\/de\/"},{"@type":"ListItem","position":2,"name":"MIT UNS ARBEITEN"}]},{"@type":"WebSite","@id":"https:\/\/www.abbaconaturalfood.com\/de\/#website","url":"https:\/\/www.abbaconaturalfood.com\/de\/","name":"Abbaco Natural Food & Sushi","description":"Gesundes Restaurant mit orientalischer Fusionsk\u00fcche direkt am Meer","potentialAction":[{"@type":"SearchAction","target":{"@type":"EntryPoint","urlTemplate":"https:\/\/www.abbaconaturalfood.com\/de\/?s={search_term_string}"},"query-input":{"@type":"PropertyValueSpecification","valueRequired":true,"valueName":"search_term_string"}}],"inLanguage":"de"}]}},"_links":{"self":[{"href":"https:\/\/www.abbaconaturalfood.com\/de\/wp-json\/wp\/v2\/pages\/2071","targetHints":{"allow":["GET"]}}],"collection":[{"href":"https:\/\/www.abbaconaturalfood.com\/de\/wp-json\/wp\/v2\/pages"}],"about":[{"href":"https:\/\/www.abbaconaturalfood.com\/de\/wp-json\/wp\/v2\/types\/page"}],"author":[{"embeddable":true,"href":"https:\/\/www.abbaconaturalfood.com\/de\/wp-json\/wp\/v2\/users\/2"}],"replies":[{"embeddable":true,"href":"https:\/\/www.abbaconaturalfood.com\/de\/wp-json\/wp\/v2\/comments?post=2071"}],"version-history":[{"count":0,"href":"https:\/\/www.abbaconaturalfood.com\/de\/wp-json\/wp\/v2\/pages\/2071\/revisions"}],"wp:attachment":[{"href":"https:\/\/www.abbaconaturalfood.com\/de\/wp-json\/wp\/v2\/media?parent=2071"}],"curies":[{"name":"wp","href":"https:\/\/api.w.org\/{rel}","templated":true}]}}