{"id":2078,"date":"2015-11-10T08:42:18","date_gmt":"2015-11-10T07:42:18","guid":{"rendered":"https:\/\/www.abbaconaturalfood.com\/rechtshinweis\/"},"modified":"2025-06-06T12:01:47","modified_gmt":"2025-06-06T11:01:47","slug":"rechtshinweis","status":"publish","type":"page","link":"https:\/\/www.abbaconaturalfood.com\/de\/rechtshinweis\/","title":{"rendered":"Rechtshinweis"},"content":{"rendered":"\t\t<div data-elementor-type=\"wp-page\" data-elementor-id=\"2078\" class=\"elementor elementor-2078 elementor-506\" data-elementor-post-type=\"page\">\n\t\t\t\t<div class=\"elementor-element elementor-element-54fd44d e-flex e-con-boxed e-con e-parent\" data-id=\"54fd44d\" data-element_type=\"container\" data-e-type=\"container\">\n\t\t\t\t\t<div class=\"e-con-inner\">\n\t\t\t\t<div class=\"elementor-element elementor-element-a005d06 elementor-widget elementor-widget-heading\" data-id=\"a005d06\" data-element_type=\"widget\" data-e-type=\"widget\" data-widget_type=\"heading.default\">\n\t\t\t\t<div class=\"elementor-widget-container\">\n\t\t\t\t\t<h1 class=\"elementor-heading-title elementor-size-default\">Impressum und Haftungserkl\u00e4rung<\/h1>\t\t\t\t<\/div>\n\t\t\t\t<\/div>\n\t\t\t\t\t<\/div>\n\t\t\t\t<\/div>\n\t\t<div class=\"elementor-element elementor-element-27fb5679 e-flex e-con-boxed e-con e-parent\" data-id=\"27fb5679\" data-element_type=\"container\" data-e-type=\"container\">\n\t\t\t\t\t<div class=\"e-con-inner\">\n\t\t\t\t<div class=\"elementor-element elementor-element-5656f8fa elementor-widget elementor-widget-text-editor\" data-id=\"5656f8fa\" data-element_type=\"widget\" data-e-type=\"widget\" data-widget_type=\"text-editor.default\">\n\t\t\t\t<div class=\"elementor-widget-container\">\n\t\t\t\t\t\t\t\t\t<p><span style=\"text-decoration: underline;\">Inhaltliche Informationen<\/span><\/p><p>Die Informationen auf dieser Website beruhen auf Daten, die von Miguelangelo RAC &amp; Group S.L. zur Verf\u00fcgung gestellt wurden. Wir k\u00f6nnen nicht f\u00fcr die Richtigkeit oder Vollst\u00e4ndigkeit dieser Informationen garantieren; es k\u00f6nnen Fehler oder Auslassungen auftreten. Die angegebenen Preise enthalten keine zus\u00e4tzlichen Kosten wie Notar, Registrierung, Agentur oder Eigentumswechsel. Gem\u00e4\u00df spanischem Recht sind etwaige Vermittlungsgeb\u00fchren vom Verk\u00e4ufer zu zahlen.  <\/p><p><span style=\"text-decoration: underline;\">Online-Inhalt<\/span><\/p><p>Miguelangelo RAC &amp; Group S.L. (CIF B-07.881.170), mit Sitz in Puerto Pollen\u00e7a, \u00fcbernimmt keinerlei Gew\u00e4hr f\u00fcr die Aktualit\u00e4t, Korrektheit, Vollst\u00e4ndigkeit oder Qualit\u00e4t der auf dieser Website ver\u00f6ffentlichten Inhalte. Die Haftung f\u00fcr Sch\u00e4den materieller oder ideeller Art, die durch die Nutzung oder Nichtnutzung der dargebotenen Informationen bzw. durch die Nutzung fehlerhafter und unvollst\u00e4ndiger Informationen verursacht wurden, ist grunds\u00e4tzlich ausgeschlossen, sofern seitens des Unternehmens kein nachweislich vors\u00e4tzliches oder grob fahrl\u00e4ssiges Verschulden vorliegt. Alle Angebote sind freibleibend und unverbindlich.  <\/p><p><span style=\"text-decoration: underline;\">Links zu externen Websites<\/span><\/p><p>Diese Website kann Links zu externen Websites enthalten. Wir \u00fcbernehmen keine Haftung f\u00fcr die Inhalte dieser Seiten, da sie sich unserer Kontrolle entziehen. Zum Zeitpunkt der Verlinkung waren keine illegalen Inhalte auf den verlinkten Seiten erkennbar. Wir \u00fcberwachen die externen Seiten jedoch nicht st\u00e4ndig und distanzieren uns daher ausdr\u00fccklich von nachtr\u00e4glich ver\u00e4nderten Inhalten. F\u00fcr illegale, fehlerhafte oder unvollst\u00e4ndige Inhalte haftet allein der Betreiber der jeweiligen Seite.    <\/p><p><span style=\"text-decoration: underline;\">Urheberrecht und Marken<\/span><\/p><p>Alle Inhalte dieser Website (Texte, Bilder, Videos, Audio- und Grafikelemente) sind urheberrechtlich gesch\u00fctzt. Ihre Vervielf\u00e4ltigung, Verbreitung oder kommerzielle Nutzung ist ohne die vorherige schriftliche Zustimmung von Miguelangelo RAC &amp; Group S.L. untersagt. Die Urheberrechte Dritter werden respektiert, und wir bem\u00fchen uns, nur unsere eigenen oder lizenzfreien Inhalte zu verwenden. <\/p><p><span style=\"text-decoration: underline;\">Datenschutz<\/span><\/p><p>Die Nutzung dieser Website ist ohne Angabe personenbezogener Daten m\u00f6glich. Soweit auf unseren Seiten personenbezogene Daten (beispielsweise Name, Anschrift oder eMail-Adressen) erhoben werden, erfolgt dies, soweit m\u00f6glich, stets auf freiwilliger Basis. Die erhobenen Daten werden gem\u00e4\u00df den geltenden Datenschutzbestimmungen behandelt und nicht ohne vorherige Zustimmung an Dritte weitergegeben. Die Nutzung der auf dieser Website ver\u00f6ffentlichten Kontaktdaten zur \u00dcbersendung von nicht ausdr\u00fccklich angeforderter Werbung ist ausdr\u00fccklich untersagt. Wir behalten uns das Recht vor, im Falle von Spamming rechtliche Schritte einzuleiten.    <\/p><p><span style=\"text-decoration: underline;\">Rechtliche Hinweise<\/span><\/p><p>Alle Rechte an den Texten, Bildern und Videos auf dieser Website geh\u00f6ren Miguelangelo RAC &amp; Group S.L. und sind durch die geltenden Gesetze zum Schutz des geistigen Eigentums gesch\u00fctzt. Die Website wurde mit gr\u00f6\u00dftm\u00f6glicher Sorgfalt erstellt, aber f\u00fcr die Richtigkeit der Inhalte wird keine Garantie \u00fcbernommen. Es wird keine Haftung f\u00fcr direkte oder indirekte Sch\u00e4den \u00fcbernommen, die sich aus der Nutzung dieser Website ergeben.  <\/p><p>Die Nutzung dieser Website begr\u00fcndet keine vertragliche Beziehung zwischen dem Nutzer und Miguelangelo RAC &amp; Group S.L. Wir behalten uns das Recht vor, den Inhalt, das Design oder die Dienstleistungen der Website jederzeit und ohne vorherige Ank\u00fcndigung zu \u00e4ndern.<\/p>\t\t\t\t\t\t\t\t<\/div>\n\t\t\t\t<\/div>\n\t\t\t\t\t<\/div>\n\t\t\t\t<\/div>\n\t\t\t\t<\/div>\n\t\t\n    <div class=\"xs_social_share_widget xs_share_url after_content \t\tmain_content  wslu-style-1 wslu-share-box-shaped wslu-fill-colored wslu-none wslu-share-horizontal wslu-theme-font-no wslu-main_content\">\n\n\t\t\n        <ul>\n\t\t\t        <\/ul>\n    <\/div> \n","protected":false},"excerpt":{"rendered":"<p>Impressum und Haftungserkl\u00e4rung Inhaltliche Informationen Die Informationen auf dieser Website beruhen auf Daten, die von Miguelangelo RAC &amp; Group S.L. zur Verf\u00fcgung gestellt wurden. Wir k\u00f6nnen nicht f\u00fcr die Richtigkeit oder Vollst\u00e4ndigkeit dieser Informationen garantieren; es k\u00f6nnen Fehler oder Auslassungen auftreten. Die angegebenen Preise enthalten keine zus\u00e4tzlichen Kosten wie Notar, Registrierung, Agentur oder Eigentumswechsel. Gem\u00e4\u00df [&hellip;]<\/p>\n","protected":false},"author":2,"featured_media":0,"parent":0,"menu_order":0,"comment_status":"closed","ping_status":"closed","template":"elementor_header_footer","meta":{"footnotes":""},"class_list":["post-2078","page","type-page","status-publish","hentry"],"yoast_head":"<!-- This site is optimized with the Yoast SEO plugin v27.4 - https:\/\/yoast.com\/product\/yoast-seo-wordpress\/ -->\n<title>Rechtliche Hinweise | ABBACO<\/title>\n<meta name=\"description\" content=\"Konsultieren Sie die rechtlichen Hinweise von AbbaCo Natural Food: Informationen \u00fcber die Nutzungsbedingungen, das Eigentum an der Website und die Einhaltung von Vorschriften.\" \/>\n<meta name=\"robots\" content=\"noindex, follow\" \/>\n<meta property=\"og:locale\" content=\"de_DE\" \/>\n<meta property=\"og:type\" content=\"article\" \/>\n<meta property=\"og:title\" content=\"Rechtliche Hinweise | ABBACO\" \/>\n<meta property=\"og:description\" content=\"Konsultieren Sie die rechtlichen Hinweise von AbbaCo Natural Food: Informationen \u00fcber die Nutzungsbedingungen, das Eigentum an der Website und die Einhaltung von Vorschriften.\" \/>\n<meta property=\"og:url\" content=\"https:\/\/www.abbaconaturalfood.com\/de\/rechtshinweis\/\" \/>\n<meta property=\"og:site_name\" content=\"Abbaco Naturkost &amp; Sushi\" \/>\n<meta property=\"article:publisher\" content=\"https:\/\/www.facebook.com\/abbacomfortfood\" \/>\n<meta property=\"article:modified_time\" content=\"2025-06-06T11:01:47+00:00\" \/>\n<meta name=\"twitter:card\" content=\"summary_large_image\" \/>\n<meta name=\"twitter:label1\" content=\"Gesch\u00e4tzte Lesezeit\" \/>\n\t<meta name=\"twitter:data1\" content=\"2\u00a0Minuten\" \/>\n<script type=\"application\/ld+json\" class=\"yoast-schema-graph\">{\"@context\":\"https:\\\/\\\/schema.org\",\"@graph\":[{\"@type\":\"WebPage\",\"@id\":\"https:\\\/\\\/www.abbaconaturalfood.com\\\/de\\\/rechtshinweis\\\/\",\"url\":\"https:\\\/\\\/www.abbaconaturalfood.com\\\/de\\\/rechtshinweis\\\/\",\"name\":\"Rechtliche Hinweise | ABBACO\",\"isPartOf\":{\"@id\":\"https:\\\/\\\/www.abbaconaturalfood.com\\\/de\\\/#website\"},\"datePublished\":\"2015-11-10T07:42:18+00:00\",\"dateModified\":\"2025-06-06T11:01:47+00:00\",\"description\":\"Konsultieren Sie die rechtlichen Hinweise von AbbaCo Natural Food: Informationen \u00fcber die Nutzungsbedingungen, das Eigentum an der Website und die Einhaltung von Vorschriften.\",\"breadcrumb\":{\"@id\":\"https:\\\/\\\/www.abbaconaturalfood.com\\\/de\\\/rechtshinweis\\\/#breadcrumb\"},\"inLanguage\":\"de\",\"potentialAction\":[{\"@type\":\"ReadAction\",\"target\":[\"https:\\\/\\\/www.abbaconaturalfood.com\\\/de\\\/rechtshinweis\\\/\"]}]},{\"@type\":\"BreadcrumbList\",\"@id\":\"https:\\\/\\\/www.abbaconaturalfood.com\\\/de\\\/rechtshinweis\\\/#breadcrumb\",\"itemListElement\":[{\"@type\":\"ListItem\",\"position\":1,\"name\":\"Startseite\",\"item\":\"https:\\\/\\\/www.abbaconaturalfood.com\\\/de\\\/\"},{\"@type\":\"ListItem\",\"position\":2,\"name\":\"Rechtshinweis\"}]},{\"@type\":\"WebSite\",\"@id\":\"https:\\\/\\\/www.abbaconaturalfood.com\\\/de\\\/#website\",\"url\":\"https:\\\/\\\/www.abbaconaturalfood.com\\\/de\\\/\",\"name\":\"Abbaco Natural Food & Sushi\",\"description\":\"Gesundes Restaurant mit orientalischer Fusionsk\u00fcche direkt am Meer\",\"potentialAction\":[{\"@type\":\"SearchAction\",\"target\":{\"@type\":\"EntryPoint\",\"urlTemplate\":\"https:\\\/\\\/www.abbaconaturalfood.com\\\/de\\\/?s={search_term_string}\"},\"query-input\":{\"@type\":\"PropertyValueSpecification\",\"valueRequired\":true,\"valueName\":\"search_term_string\"}}],\"inLanguage\":\"de\"}]}<\/script>\n<!-- \/ Yoast SEO plugin. -->","yoast_head_json":{"title":"Rechtliche Hinweise | ABBACO","description":"Konsultieren Sie die rechtlichen Hinweise von AbbaCo Natural Food: Informationen \u00fcber die Nutzungsbedingungen, das Eigentum an der Website und die Einhaltung von Vorschriften.","robots":{"index":"noindex","follow":"follow"},"og_locale":"de_DE","og_type":"article","og_title":"Rechtliche Hinweise | ABBACO","og_description":"Konsultieren Sie die rechtlichen Hinweise von AbbaCo Natural Food: Informationen \u00fcber die Nutzungsbedingungen, das Eigentum an der Website und die Einhaltung von Vorschriften.","og_url":"https:\/\/www.abbaconaturalfood.com\/de\/rechtshinweis\/","og_site_name":"Abbaco Naturkost &amp; Sushi","article_publisher":"https:\/\/www.facebook.com\/abbacomfortfood","article_modified_time":"2025-06-06T11:01:47+00:00","twitter_card":"summary_large_image","twitter_misc":{"Gesch\u00e4tzte Lesezeit":"2\u00a0Minuten"},"schema":{"@context":"https:\/\/schema.org","@graph":[{"@type":"WebPage","@id":"https:\/\/www.abbaconaturalfood.com\/de\/rechtshinweis\/","url":"https:\/\/www.abbaconaturalfood.com\/de\/rechtshinweis\/","name":"Rechtliche Hinweise | ABBACO","isPartOf":{"@id":"https:\/\/www.abbaconaturalfood.com\/de\/#website"},"datePublished":"2015-11-10T07:42:18+00:00","dateModified":"2025-06-06T11:01:47+00:00","description":"Konsultieren Sie die rechtlichen Hinweise von AbbaCo Natural Food: Informationen \u00fcber die Nutzungsbedingungen, das Eigentum an der Website und die Einhaltung von Vorschriften.","breadcrumb":{"@id":"https:\/\/www.abbaconaturalfood.com\/de\/rechtshinweis\/#breadcrumb"},"inLanguage":"de","potentialAction":[{"@type":"ReadAction","target":["https:\/\/www.abbaconaturalfood.com\/de\/rechtshinweis\/"]}]},{"@type":"BreadcrumbList","@id":"https:\/\/www.abbaconaturalfood.com\/de\/rechtshinweis\/#breadcrumb","itemListElement":[{"@type":"ListItem","position":1,"name":"Startseite","item":"https:\/\/www.abbaconaturalfood.com\/de\/"},{"@type":"ListItem","position":2,"name":"Rechtshinweis"}]},{"@type":"WebSite","@id":"https:\/\/www.abbaconaturalfood.com\/de\/#website","url":"https:\/\/www.abbaconaturalfood.com\/de\/","name":"Abbaco Natural Food & Sushi","description":"Gesundes Restaurant mit orientalischer Fusionsk\u00fcche direkt am Meer","potentialAction":[{"@type":"SearchAction","target":{"@type":"EntryPoint","urlTemplate":"https:\/\/www.abbaconaturalfood.com\/de\/?s={search_term_string}"},"query-input":{"@type":"PropertyValueSpecification","valueRequired":true,"valueName":"search_term_string"}}],"inLanguage":"de"}]}},"_links":{"self":[{"href":"https:\/\/www.abbaconaturalfood.com\/de\/wp-json\/wp\/v2\/pages\/2078","targetHints":{"allow":["GET"]}}],"collection":[{"href":"https:\/\/www.abbaconaturalfood.com\/de\/wp-json\/wp\/v2\/pages"}],"about":[{"href":"https:\/\/www.abbaconaturalfood.com\/de\/wp-json\/wp\/v2\/types\/page"}],"author":[{"embeddable":true,"href":"https:\/\/www.abbaconaturalfood.com\/de\/wp-json\/wp\/v2\/users\/2"}],"replies":[{"embeddable":true,"href":"https:\/\/www.abbaconaturalfood.com\/de\/wp-json\/wp\/v2\/comments?post=2078"}],"version-history":[{"count":0,"href":"https:\/\/www.abbaconaturalfood.com\/de\/wp-json\/wp\/v2\/pages\/2078\/revisions"}],"wp:attachment":[{"href":"https:\/\/www.abbaconaturalfood.com\/de\/wp-json\/wp\/v2\/media?parent=2078"}],"curies":[{"name":"wp","href":"https:\/\/api.w.org\/{rel}","templated":true}]}}