{"id":2084,"date":"2015-11-10T08:35:10","date_gmt":"2015-11-10T07:35:10","guid":{"rendered":"https:\/\/www.abbaconaturalfood.com\/cookie-richtlinie\/"},"modified":"2025-08-18T12:56:33","modified_gmt":"2025-08-18T11:56:33","slug":"cookie-richtlinie","status":"publish","type":"page","link":"https:\/\/www.abbaconaturalfood.com\/de\/cookie-richtlinie\/","title":{"rendered":"Cookie-Richtlinie"},"content":{"rendered":"\t\t<div data-elementor-type=\"wp-page\" data-elementor-id=\"2084\" class=\"elementor elementor-2084 elementor-504\" data-elementor-post-type=\"page\">\n\t\t\t\t<div class=\"elementor-element elementor-element-1619067 e-flex e-con-boxed e-con e-parent\" data-id=\"1619067\" data-element_type=\"container\" data-e-type=\"container\">\n\t\t\t\t\t<div class=\"e-con-inner\">\n\t\t\t\t<div class=\"elementor-element elementor-element-d12b665 elementor-widget elementor-widget-heading\" data-id=\"d12b665\" data-element_type=\"widget\" data-e-type=\"widget\" data-widget_type=\"heading.default\">\n\t\t\t\t<div class=\"elementor-widget-container\">\n\t\t\t\t\t<h1 class=\"elementor-heading-title elementor-size-default\">Cookie-Richtlinie<\/h1>\t\t\t\t<\/div>\n\t\t\t\t<\/div>\n\t\t\t\t\t<\/div>\n\t\t\t\t<\/div>\n\t\t<div class=\"elementor-element elementor-element-a45695a e-flex e-con-boxed e-con e-parent\" data-id=\"a45695a\" data-element_type=\"container\" data-e-type=\"container\">\n\t\t\t\t\t<div class=\"e-con-inner\">\n\t\t\t\t<div class=\"elementor-element elementor-element-fafd640 elementor-widget elementor-widget-text-editor\" data-id=\"fafd640\" data-element_type=\"widget\" data-e-type=\"widget\" data-widget_type=\"text-editor.default\">\n\t\t\t\t<div class=\"elementor-widget-container\">\n\t\t\t\t\t\t\t\t\t<p>Zuletzt aktualisiert: 2. Mai 2025<\/p>\n<p><span style=\"text-decoration: underline;\">Einf\u00fchrung<\/span><\/p>\n<p>Diese Website, <span style=\"text-decoration: underline;\"><a href=\"https:\/\/abbaco.com\">https:\/\/abbaco.com<\/a><\/span> (im Folgenden \u201edie Website\u201c) verwendet Cookies und \u00e4hnliche Technologien, um einen besseren Service zu bieten, das Surfen zu optimieren und statistische Informationen \u00fcber die Nutzung der Website zu sammeln. Einige Cookies k\u00f6nnen von Dritten gesetzt werden, mit denen wir zusammenarbeiten. In dieser Richtlinie erkl\u00e4ren wir, was Cookies sind, welche Arten wir verwenden und wie Sie sie verwalten k\u00f6nnen.  <\/p>\n<p><span style=\"text-decoration: underline;\">2. was sind Cookies?<\/span><\/p>\n<p>Cookies sind kleine Textdateien, die auf Ihrem Ger\u00e4t (Computer, Tablet oder Smartphone) gespeichert werden, wenn Sie eine Website besuchen. Sie erm\u00f6glichen es der Website, sich \u00fcber einen gewissen Zeitraum an Ihre Aktionen und Pr\u00e4ferenzen zu erinnern, um Ihr Benutzererlebnis zu verbessern. <\/p>\n<p><span style=\"text-decoration: underline;\">3. was sind Skripte?<\/span><\/p>\n<p>Skripte sind Codeschnipsel, mit denen das Web interaktiv funktioniert. Dieser Code kann auf unseren Servern oder direkt auf Ihrem Ger\u00e4t ausgef\u00fchrt werden. <\/p>\n<p><span style=\"text-decoration: underline;\">4. was ist ein Web-Beacon?<\/span><\/p>\n<p>Ein Web-Beacon oder Z\u00e4hlpixel ist ein kleines unsichtbares Bild oder ein St\u00fcck Code, das in das Internet eingebettet ist und es Ihnen erm\u00f6glicht, den Datenverkehr zu analysieren, Nutzungsmuster zu erkennen oder festzustellen, ob eine E-Mail ge\u00f6ffnet wurde.<\/p>\n<p><span style=\"text-decoration: underline;\">5. Arten von Cookies, die wir verwenden<\/span><\/p>\n<p><span style=\"text-decoration: underline;\">5.1. Technische oder funktionale Cookies<\/span><br \/>Diese Cookies erm\u00f6glichen es der Website, korrekt zu funktionieren und sich an Ihre Pr\u00e4ferenzen zu erinnern (z. B. Sprache oder Artikel in Ihrem Warenkorb). Diese Cookies werden ohne Ihre Zustimmung gesetzt, da sie f\u00fcr den grundlegenden Betrieb der Website notwendig sind. <\/p>\n<p><span style=\"text-decoration: underline;\">5.2. Analytische oder statistische Cookies<\/span><br \/>Sie helfen uns zu verstehen, wie die Nutzer mit der Website interagieren, um deren Betrieb zu verbessern. Diese Cookies werden nur installiert, wenn der Benutzer seine Zustimmung gibt. <\/p>\n<p><span style=\"text-decoration: underline;\">5.3. Cookies von Dritten<\/span><br \/>Einige Cookies k\u00f6nnen von externen Diensten wie Google Analytics, sozialen Medien oder anderen Anbietern gesetzt werden, um zus\u00e4tzliche Funktionen bereitzustellen oder anonyme Informationen \u00fcber die Nutzung der Website zu sammeln.<\/p>\n<p><span style=\"text-decoration: underline;\">6. Verwendete Cookies<\/span><\/p>\n<ul>\n<li>WordPress (funktionale Cookies): werden verwendet, um den Betrieb der Website und die Benutzersitzungen zu verwalten.<\/li>\n<li>Google Analytics (statistische Cookies): Diese erm\u00f6glichen es uns, den Benutzerverkehr und das Benutzerverhalten zu analysieren. Die gesammelten Daten sind anonym. <\/li>\n<li>Andere Cookies: Es kann Cookies von anderen integrierten Diensten geben, deren Zweck im Cookie-Konfigurationsbanner angegeben wird.<\/li>\n<\/ul>\n<p><span style=\"text-decoration: underline;\">7. Einverst\u00e4ndnis<\/span><\/p>\n<p>Wenn Sie unsere Website zum ersten Mal besuchen, erscheint ein Zustimmungsbanner, mit dem Sie festlegen k\u00f6nnen, welche Arten von Cookies Sie akzeptieren m\u00f6chten. Es werden nur die Cookies installiert, f\u00fcr die Sie Ihre Zustimmung gegeben haben, au\u00dfer denen, die unbedingt notwendig sind. Sie k\u00f6nnen Ihre Einstellungen jederzeit \u00e4ndern.  <\/p>\n<p><span style=\"text-decoration: underline;\">8. Wie Sie Cookies aktivieren, deaktivieren oder l\u00f6schen k\u00f6nnen<\/span><\/p>\n<p>Sie k\u00f6nnen Ihren Browser so konfigurieren, dass er Cookies zul\u00e4sst, blockiert oder l\u00f6scht. Nachstehend finden Sie Links zu Anleitungen f\u00fcr die g\u00e4ngigsten Browser: <\/p>\n<ul>\n<li>Google Chrome<\/li>\n<li>Mozilla Firefox<\/li>\n<li>Safari<\/li>\n<li>Microsoft Edge<\/li>\n<\/ul>\n<p>Bitte beachten Sie, dass, wenn Sie alle Cookies deaktivieren, einige Funktionen der Website m\u00f6glicherweise nicht mehr verf\u00fcgbar sind.<\/p>\n<p><span style=\"text-decoration: underline;\">9. Benutzerrechte<\/span><\/p>\n<p>Sie k\u00f6nnen Ihre Rechte in Bezug auf Ihre pers\u00f6nlichen Daten aus\u00fcben:<\/p>\n<ul>\n<li>Das Recht zu erfahren, welche Daten wir sammeln und zu welchem Zweck.<\/li>\n<li>Recht auf Auskunft, Berichtigung, L\u00f6schung und Widerspruch (ARCO).<\/li>\n<li>Recht auf Widerruf der erteilten Zustimmung.<\/li>\n<li>Recht auf die \u00dcbertragbarkeit Ihrer Daten.<\/li>\n<li>Recht auf Einreichung einer Beschwerde bei der Datenschutzbeh\u00f6rde<a href=\"https:\/\/www.aepd.es\/\">(www.aepd.es).<\/a><\/li>\n<li>Um diese Rechte auszu\u00fcben, k\u00f6nnen Sie uns an <a href=\"mailto:info@abbaco.com\">info@abbaco.com schreiben .<\/a><\/li>\n<\/ul>\n<p><span style=\"text-decoration: underline;\">10. Kontaktangaben<\/span><\/p>\n<p>Wenn Sie Fragen zu dieser Cookie-Richtlinie oder der Verarbeitung Ihrer pers\u00f6nlichen Daten haben, k\u00f6nnen Sie uns unter folgender Adresse kontaktieren:<\/p>\n<p>Miguelangelo RAC &amp; Group S.L.<br \/>CIF: B-07.881.170<br \/>Standort: Puerto Pollen\u00e7a, Illes Balears<br \/>E-Mail: <a href=\"mailto:info@abbaco.com\">info@abbaco.com<\/a><br \/>Web: <a href=\"https:\/\/abbaco.com\">https:\/\/abbaco.com<\/a><\/p>\n\t\t\t\t\t\t\t\t<\/div>\n\t\t\t\t<\/div>\n\t\t\t\t\t<\/div>\n\t\t\t\t<\/div>\n\t\t\t\t<\/div>\n\t\t\n    <div class=\"xs_social_share_widget xs_share_url after_content \t\tmain_content  wslu-style-1 wslu-share-box-shaped wslu-fill-colored wslu-none wslu-share-horizontal wslu-theme-font-no wslu-main_content\">\n\n\t\t\n        <ul>\n\t\t\t        <\/ul>\n    <\/div> \n","protected":false},"excerpt":{"rendered":"<p>Cookie-Richtlinie Zuletzt aktualisiert: 2. Mai 2025 Einf\u00fchrung Diese Website, https:\/\/abbaco.com (im Folgenden \u201edie Website\u201c) verwendet Cookies und \u00e4hnliche Technologien, um einen besseren Service zu bieten, das Surfen zu optimieren und statistische Informationen \u00fcber die Nutzung der Website zu sammeln. Einige Cookies k\u00f6nnen von Dritten gesetzt werden, mit denen wir zusammenarbeiten. In dieser Richtlinie erkl\u00e4ren wir, [&hellip;]<\/p>\n","protected":false},"author":2,"featured_media":0,"parent":0,"menu_order":0,"comment_status":"closed","ping_status":"closed","template":"elementor_header_footer","meta":{"footnotes":""},"class_list":["post-2084","page","type-page","status-publish","hentry"],"yoast_head":"<!-- This site is optimized with the Yoast SEO plugin v27.4 - https:\/\/yoast.com\/product\/yoast-seo-wordpress\/ -->\n<title>Cookie-Richtlinie | ABBACO<\/title>\n<meta name=\"description\" content=\"Erfahren Sie, wie Abbaco Natural Food Cookies verwendet, um Ihr Surferlebnis zu verbessern, und wie Sie Ihre Einstellungen verwalten k\u00f6nnen.\" \/>\n<meta name=\"robots\" content=\"noindex, follow\" \/>\n<meta property=\"og:locale\" content=\"de_DE\" \/>\n<meta property=\"og:type\" content=\"article\" \/>\n<meta property=\"og:title\" content=\"Cookie-Richtlinie | ABBACO\" \/>\n<meta property=\"og:description\" content=\"Erfahren Sie, wie Abbaco Natural Food Cookies verwendet, um Ihr Surferlebnis zu verbessern, und wie Sie Ihre Einstellungen verwalten k\u00f6nnen.\" \/>\n<meta property=\"og:url\" content=\"https:\/\/www.abbaconaturalfood.com\/de\/cookie-richtlinie\/\" \/>\n<meta property=\"og:site_name\" content=\"Abbaco Naturkost &amp; Sushi\" \/>\n<meta property=\"article:publisher\" content=\"https:\/\/www.facebook.com\/abbacomfortfood\" \/>\n<meta property=\"article:modified_time\" content=\"2025-08-18T11:56:33+00:00\" \/>\n<meta name=\"twitter:card\" content=\"summary_large_image\" \/>\n<meta name=\"twitter:label1\" content=\"Gesch\u00e4tzte Lesezeit\" \/>\n\t<meta name=\"twitter:data1\" content=\"3\u00a0Minuten\" \/>\n<script type=\"application\/ld+json\" class=\"yoast-schema-graph\">{\"@context\":\"https:\\\/\\\/schema.org\",\"@graph\":[{\"@type\":\"WebPage\",\"@id\":\"https:\\\/\\\/www.abbaconaturalfood.com\\\/de\\\/cookie-richtlinie\\\/\",\"url\":\"https:\\\/\\\/www.abbaconaturalfood.com\\\/de\\\/cookie-richtlinie\\\/\",\"name\":\"Cookie-Richtlinie | ABBACO\",\"isPartOf\":{\"@id\":\"https:\\\/\\\/www.abbaconaturalfood.com\\\/de\\\/#website\"},\"datePublished\":\"2015-11-10T07:35:10+00:00\",\"dateModified\":\"2025-08-18T11:56:33+00:00\",\"description\":\"Erfahren Sie, wie Abbaco Natural Food Cookies verwendet, um Ihr Surferlebnis zu verbessern, und wie Sie Ihre Einstellungen verwalten k\u00f6nnen.\",\"breadcrumb\":{\"@id\":\"https:\\\/\\\/www.abbaconaturalfood.com\\\/de\\\/cookie-richtlinie\\\/#breadcrumb\"},\"inLanguage\":\"de\",\"potentialAction\":[{\"@type\":\"ReadAction\",\"target\":[\"https:\\\/\\\/www.abbaconaturalfood.com\\\/de\\\/cookie-richtlinie\\\/\"]}]},{\"@type\":\"BreadcrumbList\",\"@id\":\"https:\\\/\\\/www.abbaconaturalfood.com\\\/de\\\/cookie-richtlinie\\\/#breadcrumb\",\"itemListElement\":[{\"@type\":\"ListItem\",\"position\":1,\"name\":\"Startseite\",\"item\":\"https:\\\/\\\/www.abbaconaturalfood.com\\\/de\\\/\"},{\"@type\":\"ListItem\",\"position\":2,\"name\":\"Cookie-Richtlinie\"}]},{\"@type\":\"WebSite\",\"@id\":\"https:\\\/\\\/www.abbaconaturalfood.com\\\/de\\\/#website\",\"url\":\"https:\\\/\\\/www.abbaconaturalfood.com\\\/de\\\/\",\"name\":\"Abbaco Natural Food & Sushi\",\"description\":\"Gesundes Restaurant mit orientalischer Fusionsk\u00fcche direkt am Meer\",\"potentialAction\":[{\"@type\":\"SearchAction\",\"target\":{\"@type\":\"EntryPoint\",\"urlTemplate\":\"https:\\\/\\\/www.abbaconaturalfood.com\\\/de\\\/?s={search_term_string}\"},\"query-input\":{\"@type\":\"PropertyValueSpecification\",\"valueRequired\":true,\"valueName\":\"search_term_string\"}}],\"inLanguage\":\"de\"}]}<\/script>\n<!-- \/ Yoast SEO plugin. -->","yoast_head_json":{"title":"Cookie-Richtlinie | ABBACO","description":"Erfahren Sie, wie Abbaco Natural Food Cookies verwendet, um Ihr Surferlebnis zu verbessern, und wie Sie Ihre Einstellungen verwalten k\u00f6nnen.","robots":{"index":"noindex","follow":"follow"},"og_locale":"de_DE","og_type":"article","og_title":"Cookie-Richtlinie | ABBACO","og_description":"Erfahren Sie, wie Abbaco Natural Food Cookies verwendet, um Ihr Surferlebnis zu verbessern, und wie Sie Ihre Einstellungen verwalten k\u00f6nnen.","og_url":"https:\/\/www.abbaconaturalfood.com\/de\/cookie-richtlinie\/","og_site_name":"Abbaco Naturkost &amp; Sushi","article_publisher":"https:\/\/www.facebook.com\/abbacomfortfood","article_modified_time":"2025-08-18T11:56:33+00:00","twitter_card":"summary_large_image","twitter_misc":{"Gesch\u00e4tzte Lesezeit":"3\u00a0Minuten"},"schema":{"@context":"https:\/\/schema.org","@graph":[{"@type":"WebPage","@id":"https:\/\/www.abbaconaturalfood.com\/de\/cookie-richtlinie\/","url":"https:\/\/www.abbaconaturalfood.com\/de\/cookie-richtlinie\/","name":"Cookie-Richtlinie | ABBACO","isPartOf":{"@id":"https:\/\/www.abbaconaturalfood.com\/de\/#website"},"datePublished":"2015-11-10T07:35:10+00:00","dateModified":"2025-08-18T11:56:33+00:00","description":"Erfahren Sie, wie Abbaco Natural Food Cookies verwendet, um Ihr Surferlebnis zu verbessern, und wie Sie Ihre Einstellungen verwalten k\u00f6nnen.","breadcrumb":{"@id":"https:\/\/www.abbaconaturalfood.com\/de\/cookie-richtlinie\/#breadcrumb"},"inLanguage":"de","potentialAction":[{"@type":"ReadAction","target":["https:\/\/www.abbaconaturalfood.com\/de\/cookie-richtlinie\/"]}]},{"@type":"BreadcrumbList","@id":"https:\/\/www.abbaconaturalfood.com\/de\/cookie-richtlinie\/#breadcrumb","itemListElement":[{"@type":"ListItem","position":1,"name":"Startseite","item":"https:\/\/www.abbaconaturalfood.com\/de\/"},{"@type":"ListItem","position":2,"name":"Cookie-Richtlinie"}]},{"@type":"WebSite","@id":"https:\/\/www.abbaconaturalfood.com\/de\/#website","url":"https:\/\/www.abbaconaturalfood.com\/de\/","name":"Abbaco Natural Food & Sushi","description":"Gesundes Restaurant mit orientalischer Fusionsk\u00fcche direkt am Meer","potentialAction":[{"@type":"SearchAction","target":{"@type":"EntryPoint","urlTemplate":"https:\/\/www.abbaconaturalfood.com\/de\/?s={search_term_string}"},"query-input":{"@type":"PropertyValueSpecification","valueRequired":true,"valueName":"search_term_string"}}],"inLanguage":"de"}]}},"_links":{"self":[{"href":"https:\/\/www.abbaconaturalfood.com\/de\/wp-json\/wp\/v2\/pages\/2084","targetHints":{"allow":["GET"]}}],"collection":[{"href":"https:\/\/www.abbaconaturalfood.com\/de\/wp-json\/wp\/v2\/pages"}],"about":[{"href":"https:\/\/www.abbaconaturalfood.com\/de\/wp-json\/wp\/v2\/types\/page"}],"author":[{"embeddable":true,"href":"https:\/\/www.abbaconaturalfood.com\/de\/wp-json\/wp\/v2\/users\/2"}],"replies":[{"embeddable":true,"href":"https:\/\/www.abbaconaturalfood.com\/de\/wp-json\/wp\/v2\/comments?post=2084"}],"version-history":[{"count":0,"href":"https:\/\/www.abbaconaturalfood.com\/de\/wp-json\/wp\/v2\/pages\/2084\/revisions"}],"wp:attachment":[{"href":"https:\/\/www.abbaconaturalfood.com\/de\/wp-json\/wp\/v2\/media?parent=2084"}],"curies":[{"name":"wp","href":"https:\/\/api.w.org\/{rel}","templated":true}]}}