{"id":2086,"date":"2015-11-10T08:11:56","date_gmt":"2015-11-10T07:11:56","guid":{"rendered":"https:\/\/www.abbaconaturalfood.com\/datenschutzbestimmungen\/"},"modified":"2025-08-13T08:06:52","modified_gmt":"2025-08-13T07:06:52","slug":"datenschutzbestimmungen","status":"publish","type":"page","link":"https:\/\/www.abbaconaturalfood.com\/de\/datenschutzbestimmungen\/","title":{"rendered":"Datenschutzbestimmungen"},"content":{"rendered":"\t\t<div data-elementor-type=\"wp-page\" data-elementor-id=\"2086\" class=\"elementor elementor-2086 elementor-502\" data-elementor-post-type=\"page\">\n\t\t\t\t<div class=\"elementor-element elementor-element-09f2e62 e-flex e-con-boxed e-con e-parent\" data-id=\"09f2e62\" data-element_type=\"container\" data-e-type=\"container\">\n\t\t\t\t\t<div class=\"e-con-inner\">\n\t\t\t\t<div class=\"elementor-element elementor-element-f3ebaff elementor-widget elementor-widget-heading\" data-id=\"f3ebaff\" data-element_type=\"widget\" data-e-type=\"widget\" data-widget_type=\"heading.default\">\n\t\t\t\t<div class=\"elementor-widget-container\">\n\t\t\t\t\t<h1 class=\"elementor-heading-title elementor-size-default\">Datenschutzbestimmungen<\/h1>\t\t\t\t<\/div>\n\t\t\t\t<\/div>\n\t\t\t\t\t<\/div>\n\t\t\t\t<\/div>\n\t\t<div class=\"elementor-element elementor-element-49e6c81 e-flex e-con-boxed e-con e-parent\" data-id=\"49e6c81\" data-element_type=\"container\" data-e-type=\"container\">\n\t\t\t\t\t<div class=\"e-con-inner\">\n\t\t\t\t<div class=\"elementor-element elementor-element-baae688 elementor-widget elementor-widget-text-editor\" data-id=\"baae688\" data-element_type=\"widget\" data-e-type=\"widget\" data-widget_type=\"text-editor.default\">\n\t\t\t\t<div class=\"elementor-widget-container\">\n\t\t\t\t\t\t\t\t\t<p>Letzte Aktualisierung: 07\/05\/2025<\/p>\n<p>In \u00dcbereinstimmung mit der Verordnung (EU) 2016\/679 (RGPD) und dem Organgesetz 3\/2018 \u00fcber den Schutz personenbezogener Daten und die Gew\u00e4hrleistung digitaler Rechte werden die Nutzer dieser Website \u00fcber die Verarbeitung ihrer personenbezogenen Daten informiert.<\/p>\n<p><span style=\"text-decoration: underline;\">Identit\u00e4t des Controllers<\/span><\/p>\n<p>Eigent\u00fcmer: Miguelangelo RAC &amp; Group S.L.<br \/>CIF: B-07.881.170<br \/>Adresse: Puerto Pollen\u00e7a, Illes Balears<br \/>Kontakt Email: <a href=\"mailto:info@abbaco.com\">info@abbaco.com<\/a><\/p>\n<p><span style=\"text-decoration: underline;\">2. zwecke der verarbeitung<\/span><\/p>\n<p>Die personenbezogenen Daten, die der Nutzer \u00fcber Formulare, Abonnements oder andere auf der Website aktivierte Kan\u00e4le zur Verf\u00fcgung stellt, werden f\u00fcr folgende Zwecke verarbeitet:<\/p>\n<p>Verwalten und beantworten Sie die Anfragen, die \u00fcber die Kontaktkan\u00e4le eingehen.<\/p>\n<p>Verwalten Sie das Abonnement des Newsletters.<\/p>\n<p>Um kommerzielle Mitteilungen, auch auf elektronischem Wege, zu versenden, die sich auf eigene oder fremde Dienstleistungen oder Produkte beziehen, vorausgesetzt, der Nutzer hat seine Zustimmung gegeben.<\/p>\n<p>Zur Verbesserung des Browsing-Erlebnisses und zur Analyse des Nutzungsverhaltens auf der Website (siehe Cookie-Richtlinie).<\/p>\n<p><span style=\"text-decoration: underline;\">3. Rechtsgrundlage f\u00fcr die Verarbeitung<\/span><\/p>\n<p>Die Rechtsgrundlagen, die die Verarbeitung der Daten legitimieren, sind:<\/p>\n<p>Die Zustimmung des Nutzers (Art. 6.1.a RGPD), die durch die Annahme der Datenschutzerkl\u00e4rung und\/oder das Abonnieren von Newslettern oder Formularen erteilt wird.<\/p>\n<p>Die Erf\u00fcllung eines Vertrags oder die Durchf\u00fchrung vorvertraglicher Ma\u00dfnahmen (Art. 6.1.b GDPR), im Falle von Anfragen oder Erkundigungen.<\/p>\n<p>Das berechtigte Interesse des f\u00fcr die Datenverarbeitung Verantwortlichen (Art. 6.1.f RGPD) an denjenigen Mindestverarbeitungsvorg\u00e4ngen, die f\u00fcr die Verbesserung der Website und ihrer Dienste erforderlich sind.<\/p>\n<p><span style=\"text-decoration: underline;\">4. Aufbewahrung von Daten<\/span><\/p>\n<p>Personenbezogene Daten werden so lange aufbewahrt, wie eine Beziehung mit dem Nutzer besteht, solange ihre L\u00f6schung nicht verlangt wird oder f\u00fcr die gesetzlich vorgeschriebenen Zeitr\u00e4ume. Bei kommerzieller Kommunikation werden die Daten aufbewahrt, bis der Nutzer seine Zustimmung widerruft. <\/p>\n<p><span style=\"text-decoration: underline;\">5. Benutzerrechte<\/span><\/p>\n<p>Der Nutzer kann jederzeit seine Rechte aus\u00fcben:<\/p>\n<ul>\n<li>Zugang zu Ihren Daten.<\/li>\n<li>Berichtigung unzutreffender Daten.<\/li>\n<li>L\u00f6schung (Recht auf Vergessenwerden).<\/li>\n<li>Einschr\u00e4nkung der Behandlung.<\/li>\n<li>Ablehnung der Behandlung.<\/li>\n<li>\u00dcbertragbarkeit Ihrer Daten.<\/li>\n<\/ul>\n<p>Sie k\u00f6nnen sie aus\u00fcben, indem Sie einen Antrag zusammen mit einer Kopie Ihres Personalausweises an folgende Adresse senden:<\/p>\n<ol>\n<li>Per E-Mail: <a href=\"mailto:info@abbaco.com\">info@abbaco.com<\/a><\/li>\n<li>Per Post: Puerto Pollen\u00e7a, Illes Balears<\/li>\n<\/ol>\n<p>Sie haben auch das Recht, eine Beschwerde bei der spanischen Datenschutzbeh\u00f6rde (www.aepd.es) einzureichen, wenn Sie der Meinung sind, dass die Verarbeitung Ihrer Daten nicht den Vorschriften entspricht.<\/p>\n<p><span style=\"text-decoration: underline;\">6. Empf\u00e4nger der Daten<\/span><\/p>\n<p>Die Daten werden nicht an Dritte weitergegeben, es sei denn, dies ist gesetzlich vorgeschrieben oder f\u00fcr die Bereitstellung eines angeforderten Dienstes erforderlich (z.B. Newsletter-Versandplattformen oder Analysetools). In jedem Fall werden Anbieter verwendet, die angemessene Garantien in \u00dcbereinstimmung mit der DSGVO bieten. <\/p>\n<p><span style=\"text-decoration: underline;\">7. Newsletter-Abonnement<\/span><\/p>\n<p>Um sich zu abonnieren, muss der Nutzer seine E-Mail-Adresse angeben. Diese wird nur f\u00fcr die in dieser Richtlinie beschriebenen Zwecke verwendet. Sie k\u00f6nnen das Abonnement jederzeit \u00fcber die E-Mails selbst oder per E-Mail an <a href=\"mailto:info@abbaco.com\">info@abbaco.com k\u00fcndigen .<\/a>  <\/p>\n<p>Personenbezogene Daten von Dritten sollten nicht ohne deren ausdr\u00fcckliche Zustimmung aufgenommen werden.<\/p>\n<p><span style=\"text-decoration: underline;\">8. Datensicherheit<\/span><\/p>\n<p>Der Data Controller ergreift alle notwendigen technischen und organisatorischen Ma\u00dfnahmen, um die Sicherheit der personenbezogenen Daten zu gew\u00e4hrleisten und deren Verlust, Missbrauch, \u00c4nderung oder unbefugten Zugriff zu verhindern.<\/p>\n<p><span style=\"text-decoration: underline;\">9. Cookie-Richtlinie<\/span><\/p>\n<p>Die Website verwendet eigene Cookies und Cookies von Dritten, um die Benutzerfreundlichkeit zu verbessern und statistische Analysen durchzuf\u00fchren. Weitere Informationen finden Sie in unserer Cookie-Richtlinie. <\/p>\n<p><span style=\"text-decoration: underline;\">10. \u00c4nderung der Datenschutzbestimmungen<\/span><\/p>\n<p>Der Eigent\u00fcmer beh\u00e4lt sich das Recht vor, diese Politik zu \u00e4ndern, um sie an neue Gesetzgebung oder Rechtsprechung anzupassen. Im Falle wesentlicher \u00c4nderungen werden die Benutzer ordnungsgem\u00e4\u00df benachrichtigt. <\/p>\n\t\t\t\t\t\t\t\t<\/div>\n\t\t\t\t<\/div>\n\t\t\t\t\t<\/div>\n\t\t\t\t<\/div>\n\t\t\t\t<\/div>\n\t\t\n    <div class=\"xs_social_share_widget xs_share_url after_content \t\tmain_content  wslu-style-1 wslu-share-box-shaped wslu-fill-colored wslu-none wslu-share-horizontal wslu-theme-font-no wslu-main_content\">\n\n\t\t\n        <ul>\n\t\t\t        <\/ul>\n    <\/div> \n","protected":false},"excerpt":{"rendered":"<p>Datenschutzbestimmungen Letzte Aktualisierung: 07\/05\/2025 In \u00dcbereinstimmung mit der Verordnung (EU) 2016\/679 (RGPD) und dem Organgesetz 3\/2018 \u00fcber den Schutz personenbezogener Daten und die Gew\u00e4hrleistung digitaler Rechte werden die Nutzer dieser Website \u00fcber die Verarbeitung ihrer personenbezogenen Daten informiert. Identit\u00e4t des Controllers Eigent\u00fcmer: Miguelangelo RAC &amp; Group S.L.CIF: B-07.881.170Adresse: Puerto Pollen\u00e7a, Illes BalearsKontakt Email: info@abbaco.com 2. [&hellip;]<\/p>\n","protected":false},"author":2,"featured_media":0,"parent":0,"menu_order":0,"comment_status":"closed","ping_status":"closed","template":"elementor_header_footer","meta":{"footnotes":""},"class_list":["post-2086","page","type-page","status-publish","hentry"],"yoast_head":"<!-- This site is optimized with the Yoast SEO plugin v27.4 - https:\/\/yoast.com\/product\/yoast-seo-wordpress\/ -->\n<title>Datenschutzrichtlinie | ABBACO<\/title>\n<meta name=\"description\" content=\"Sehen Sie sich die Datenschutzrichtlinien von AbbaCo an. Erfahren Sie, wie wir Ihre pers\u00f6nlichen Daten in \u00dcbereinstimmung mit dem Gesetz sammeln, verwenden und sch\u00fctzen.\" \/>\n<meta name=\"robots\" content=\"noindex, follow\" \/>\n<meta property=\"og:locale\" content=\"de_DE\" \/>\n<meta property=\"og:type\" content=\"article\" \/>\n<meta property=\"og:title\" content=\"Datenschutzrichtlinie | ABBACO\" \/>\n<meta property=\"og:description\" content=\"Sehen Sie sich die Datenschutzrichtlinien von AbbaCo an. Erfahren Sie, wie wir Ihre pers\u00f6nlichen Daten in \u00dcbereinstimmung mit dem Gesetz sammeln, verwenden und sch\u00fctzen.\" \/>\n<meta property=\"og:url\" content=\"https:\/\/www.abbaconaturalfood.com\/de\/datenschutzbestimmungen\/\" \/>\n<meta property=\"og:site_name\" content=\"Abbaco Naturkost &amp; Sushi\" \/>\n<meta property=\"article:publisher\" content=\"https:\/\/www.facebook.com\/abbacomfortfood\" \/>\n<meta property=\"article:modified_time\" content=\"2025-08-13T07:06:52+00:00\" \/>\n<meta name=\"twitter:card\" content=\"summary_large_image\" \/>\n<meta name=\"twitter:label1\" content=\"Gesch\u00e4tzte Lesezeit\" \/>\n\t<meta name=\"twitter:data1\" content=\"3\u00a0Minuten\" \/>\n<script type=\"application\/ld+json\" class=\"yoast-schema-graph\">{\"@context\":\"https:\\\/\\\/schema.org\",\"@graph\":[{\"@type\":\"WebPage\",\"@id\":\"https:\\\/\\\/www.abbaconaturalfood.com\\\/de\\\/datenschutzbestimmungen\\\/\",\"url\":\"https:\\\/\\\/www.abbaconaturalfood.com\\\/de\\\/datenschutzbestimmungen\\\/\",\"name\":\"Datenschutzrichtlinie | ABBACO\",\"isPartOf\":{\"@id\":\"https:\\\/\\\/www.abbaconaturalfood.com\\\/de\\\/#website\"},\"datePublished\":\"2015-11-10T07:11:56+00:00\",\"dateModified\":\"2025-08-13T07:06:52+00:00\",\"description\":\"Sehen Sie sich die Datenschutzrichtlinien von AbbaCo an. Erfahren Sie, wie wir Ihre pers\u00f6nlichen Daten in \u00dcbereinstimmung mit dem Gesetz sammeln, verwenden und sch\u00fctzen.\",\"breadcrumb\":{\"@id\":\"https:\\\/\\\/www.abbaconaturalfood.com\\\/de\\\/datenschutzbestimmungen\\\/#breadcrumb\"},\"inLanguage\":\"de\",\"potentialAction\":[{\"@type\":\"ReadAction\",\"target\":[\"https:\\\/\\\/www.abbaconaturalfood.com\\\/de\\\/datenschutzbestimmungen\\\/\"]}]},{\"@type\":\"BreadcrumbList\",\"@id\":\"https:\\\/\\\/www.abbaconaturalfood.com\\\/de\\\/datenschutzbestimmungen\\\/#breadcrumb\",\"itemListElement\":[{\"@type\":\"ListItem\",\"position\":1,\"name\":\"Startseite\",\"item\":\"https:\\\/\\\/www.abbaconaturalfood.com\\\/de\\\/\"},{\"@type\":\"ListItem\",\"position\":2,\"name\":\"Datenschutzbestimmungen\"}]},{\"@type\":\"WebSite\",\"@id\":\"https:\\\/\\\/www.abbaconaturalfood.com\\\/de\\\/#website\",\"url\":\"https:\\\/\\\/www.abbaconaturalfood.com\\\/de\\\/\",\"name\":\"Abbaco Natural Food & Sushi\",\"description\":\"Gesundes Restaurant mit orientalischer Fusionsk\u00fcche direkt am Meer\",\"potentialAction\":[{\"@type\":\"SearchAction\",\"target\":{\"@type\":\"EntryPoint\",\"urlTemplate\":\"https:\\\/\\\/www.abbaconaturalfood.com\\\/de\\\/?s={search_term_string}\"},\"query-input\":{\"@type\":\"PropertyValueSpecification\",\"valueRequired\":true,\"valueName\":\"search_term_string\"}}],\"inLanguage\":\"de\"}]}<\/script>\n<!-- \/ Yoast SEO plugin. -->","yoast_head_json":{"title":"Datenschutzrichtlinie | ABBACO","description":"Sehen Sie sich die Datenschutzrichtlinien von AbbaCo an. Erfahren Sie, wie wir Ihre pers\u00f6nlichen Daten in \u00dcbereinstimmung mit dem Gesetz sammeln, verwenden und sch\u00fctzen.","robots":{"index":"noindex","follow":"follow"},"og_locale":"de_DE","og_type":"article","og_title":"Datenschutzrichtlinie | ABBACO","og_description":"Sehen Sie sich die Datenschutzrichtlinien von AbbaCo an. Erfahren Sie, wie wir Ihre pers\u00f6nlichen Daten in \u00dcbereinstimmung mit dem Gesetz sammeln, verwenden und sch\u00fctzen.","og_url":"https:\/\/www.abbaconaturalfood.com\/de\/datenschutzbestimmungen\/","og_site_name":"Abbaco Naturkost &amp; Sushi","article_publisher":"https:\/\/www.facebook.com\/abbacomfortfood","article_modified_time":"2025-08-13T07:06:52+00:00","twitter_card":"summary_large_image","twitter_misc":{"Gesch\u00e4tzte Lesezeit":"3\u00a0Minuten"},"schema":{"@context":"https:\/\/schema.org","@graph":[{"@type":"WebPage","@id":"https:\/\/www.abbaconaturalfood.com\/de\/datenschutzbestimmungen\/","url":"https:\/\/www.abbaconaturalfood.com\/de\/datenschutzbestimmungen\/","name":"Datenschutzrichtlinie | ABBACO","isPartOf":{"@id":"https:\/\/www.abbaconaturalfood.com\/de\/#website"},"datePublished":"2015-11-10T07:11:56+00:00","dateModified":"2025-08-13T07:06:52+00:00","description":"Sehen Sie sich die Datenschutzrichtlinien von AbbaCo an. Erfahren Sie, wie wir Ihre pers\u00f6nlichen Daten in \u00dcbereinstimmung mit dem Gesetz sammeln, verwenden und sch\u00fctzen.","breadcrumb":{"@id":"https:\/\/www.abbaconaturalfood.com\/de\/datenschutzbestimmungen\/#breadcrumb"},"inLanguage":"de","potentialAction":[{"@type":"ReadAction","target":["https:\/\/www.abbaconaturalfood.com\/de\/datenschutzbestimmungen\/"]}]},{"@type":"BreadcrumbList","@id":"https:\/\/www.abbaconaturalfood.com\/de\/datenschutzbestimmungen\/#breadcrumb","itemListElement":[{"@type":"ListItem","position":1,"name":"Startseite","item":"https:\/\/www.abbaconaturalfood.com\/de\/"},{"@type":"ListItem","position":2,"name":"Datenschutzbestimmungen"}]},{"@type":"WebSite","@id":"https:\/\/www.abbaconaturalfood.com\/de\/#website","url":"https:\/\/www.abbaconaturalfood.com\/de\/","name":"Abbaco Natural Food & Sushi","description":"Gesundes Restaurant mit orientalischer Fusionsk\u00fcche direkt am Meer","potentialAction":[{"@type":"SearchAction","target":{"@type":"EntryPoint","urlTemplate":"https:\/\/www.abbaconaturalfood.com\/de\/?s={search_term_string}"},"query-input":{"@type":"PropertyValueSpecification","valueRequired":true,"valueName":"search_term_string"}}],"inLanguage":"de"}]}},"_links":{"self":[{"href":"https:\/\/www.abbaconaturalfood.com\/de\/wp-json\/wp\/v2\/pages\/2086","targetHints":{"allow":["GET"]}}],"collection":[{"href":"https:\/\/www.abbaconaturalfood.com\/de\/wp-json\/wp\/v2\/pages"}],"about":[{"href":"https:\/\/www.abbaconaturalfood.com\/de\/wp-json\/wp\/v2\/types\/page"}],"author":[{"embeddable":true,"href":"https:\/\/www.abbaconaturalfood.com\/de\/wp-json\/wp\/v2\/users\/2"}],"replies":[{"embeddable":true,"href":"https:\/\/www.abbaconaturalfood.com\/de\/wp-json\/wp\/v2\/comments?post=2086"}],"version-history":[{"count":0,"href":"https:\/\/www.abbaconaturalfood.com\/de\/wp-json\/wp\/v2\/pages\/2086\/revisions"}],"wp:attachment":[{"href":"https:\/\/www.abbaconaturalfood.com\/de\/wp-json\/wp\/v2\/media?parent=2086"}],"curies":[{"name":"wp","href":"https:\/\/api.w.org\/{rel}","templated":true}]}}